{"id":1355,"date":"2024-03-14T20:52:27","date_gmt":"2024-03-14T19:52:27","guid":{"rendered":"http:\/\/splotpascompl.beep.pl\/certyfikaty\/"},"modified":"2025-05-22T11:15:47","modified_gmt":"2025-05-22T09:15:47","slug":"certyfikaty","status":"publish","type":"page","link":"https:\/\/splot-pas.com.pl\/en\/certyfikaty\/","title":{"rendered":"Certificates"},"content":{"rendered":"\t\t<div data-elementor-type=\"wp-page\" data-elementor-id=\"1355\" class=\"elementor elementor-1355 elementor-237\" data-elementor-post-type=\"page\">\n\t\t\t\t<div class=\"elementor-element elementor-element-fddf413 e-flex e-con-boxed e-con e-parent\" data-id=\"fddf413\" data-element_type=\"container\" data-e-type=\"container\">\n\t\t\t\t\t<div class=\"e-con-inner\">\n\t\t<div class=\"elementor-element elementor-element-8fb3cb5 e-con-full e-flex e-con e-child\" data-id=\"8fb3cb5\" data-element_type=\"container\" data-e-type=\"container\">\n\t\t\t\t<\/div>\n\t\t<div class=\"elementor-element elementor-element-f1672d4 e-con-full e-flex e-con e-child\" data-id=\"f1672d4\" data-element_type=\"container\" data-e-type=\"container\">\n\t\t\t\t<div class=\"elementor-element elementor-element-fdb3272 elementor-widget elementor-widget-text-editor\" data-id=\"fdb3272\" data-element_type=\"widget\" data-e-type=\"widget\" data-widget_type=\"text-editor.default\">\n\t\t\t\t<div class=\"elementor-widget-container\">\n\t\t\t\t\t\t\t\t\t<p>In terms of our production facilites and product portfolio, Splot complies with both Polish and European legal requirements. We use the opportunity to certify our products and management systems as an opportunity to confirm our standards and have them independently verified by experts.<\/p>\n<h3> <\/h3>\n<h3>We focus on quality tailored to your requirements!<\/h3>\n\t\t\t\t\t\t\t\t<\/div>\n\t\t\t\t<\/div>\n\t\t\t\t<\/div>\n\t\t<div class=\"elementor-element elementor-element-1314181 e-con-full e-flex e-con e-child\" data-id=\"1314181\" data-element_type=\"container\" data-e-type=\"container\">\n\t\t\t\t<\/div>\n\t\t\t\t\t<\/div>\n\t\t\t\t<\/div>\n\t\t<div class=\"elementor-element elementor-element-bdd3c69 e-flex e-con-boxed e-con e-parent\" data-id=\"bdd3c69\" data-element_type=\"container\" data-e-type=\"container\">\n\t\t\t\t\t<div class=\"e-con-inner\">\n\t\t\t\t\t<\/div>\n\t\t\t\t<\/div>\n\t\t<div class=\"elementor-element elementor-element-2fc89b5 e-grid e-con-boxed e-con e-parent\" data-id=\"2fc89b5\" data-element_type=\"container\" data-e-type=\"container\">\n\t\t\t\t\t<div class=\"e-con-inner\">\n\t\t\t\t<div class=\"elementor-element elementor-element-f3bd69a elementor-widget elementor-widget-image\" data-id=\"f3bd69a\" data-element_type=\"widget\" data-e-type=\"widget\" data-settings=\"{&quot;motion_fx_motion_fx_scrolling&quot;:&quot;yes&quot;,&quot;motion_fx_translateX_effect&quot;:&quot;yes&quot;,&quot;motion_fx_translateX_speed&quot;:{&quot;unit&quot;:&quot;px&quot;,&quot;size&quot;:4,&quot;sizes&quot;:[]},&quot;motion_fx_translateX_affectedRange&quot;:{&quot;unit&quot;:&quot;%&quot;,&quot;size&quot;:&quot;&quot;,&quot;sizes&quot;:{&quot;start&quot;:0,&quot;end&quot;:100}},&quot;motion_fx_devices&quot;:[&quot;desktop&quot;,&quot;tablet&quot;,&quot;mobile&quot;]}\" data-widget_type=\"image.default\">\n\t\t\t\t<div class=\"elementor-widget-container\">\n\t\t\t\t\t\t\t\t\t\t\t\t\t\t\t<img fetchpriority=\"high\" decoding=\"async\" width=\"768\" height=\"1085\" src=\"https:\/\/i0.wp.com\/splot-pas.com.pl\/wp-content\/uploads\/2025\/05\/IW-00198-en-SPLOT-2025-scaled.webp?fit=768%2C1085&amp;ssl=1\" class=\"attachment-medium_large size-medium_large wp-image-1880\" alt=\"\" srcset=\"https:\/\/i0.wp.com\/splot-pas.com.pl\/wp-content\/uploads\/2025\/05\/IW-00198-en-SPLOT-2025-scaled.webp?w=1359&amp;ssl=1 1359w, https:\/\/i0.wp.com\/splot-pas.com.pl\/wp-content\/uploads\/2025\/05\/IW-00198-en-SPLOT-2025-scaled.webp?resize=212%2C300&amp;ssl=1 212w, https:\/\/i0.wp.com\/splot-pas.com.pl\/wp-content\/uploads\/2025\/05\/IW-00198-en-SPLOT-2025-scaled.webp?resize=725%2C1024&amp;ssl=1 725w, https:\/\/i0.wp.com\/splot-pas.com.pl\/wp-content\/uploads\/2025\/05\/IW-00198-en-SPLOT-2025-scaled.webp?resize=768%2C1085&amp;ssl=1 768w, https:\/\/i0.wp.com\/splot-pas.com.pl\/wp-content\/uploads\/2025\/05\/IW-00198-en-SPLOT-2025-scaled.webp?resize=1087%2C1536&amp;ssl=1 1087w, https:\/\/i0.wp.com\/splot-pas.com.pl\/wp-content\/uploads\/2025\/05\/IW-00198-en-SPLOT-2025-scaled.webp?w=1358&amp;ssl=1 1358w\" sizes=\"(max-width: 768px) 100vw, 768px\" \/>\t\t\t\t\t\t\t\t\t\t\t\t\t\t\t<\/div>\n\t\t\t\t<\/div>\n\t\t\t\t<div class=\"elementor-element elementor-element-9a8110e elementor-widget elementor-widget-text-editor\" data-id=\"9a8110e\" data-element_type=\"widget\" data-e-type=\"widget\" data-widget_type=\"text-editor.default\">\n\t\t\t\t<div class=\"elementor-widget-container\">\n\t\t\t\t\t\t\t\t\t<h2>\u00a0<\/h2><h2>\u00a0<\/h2><h2>\u00a0<\/h2><div>\u00a0<\/div><div>\u00a0<\/div><div>\u00a0<\/div><h2 class=\"wp-block-heading\">Recycling Certificate<\/h2><p>Certificate for woven, knitted and braided products: cords and ribbons (also intended for printing) made of recycled polyester yarns dyed white (100% post-consumer polyester from polyethylene terephthalate-based bottles) with (or without) latex threads; made from raw materials certified to STANDARD 100 by OEKO-TEX.<\/p>\t\t\t\t\t\t\t\t<\/div>\n\t\t\t\t<\/div>\n\t\t\t\t<div class=\"elementor-element elementor-element-ff598c7 elementor-widget elementor-widget-text-editor\" data-id=\"ff598c7\" data-element_type=\"widget\" data-e-type=\"widget\" data-widget_type=\"text-editor.default\">\n\t\t\t\t<div class=\"elementor-widget-container\">\n\t\t\t\t\t\t\t\t\t<h2>\u00a0<\/h2><h2>\u00a0<\/h2><h2>\u00a0<\/h2><h2>\u00a0<\/h2><h2>\u00a0<\/h2><h2>\u00a0<\/h2><h2>\u00a0<\/h2><h2 class=\"wp-block-heading\">\u00a0<\/h2><h2 class=\"wp-block-heading\">\u00a0<\/h2><h2 class=\"wp-block-heading\">\u00a0<\/h2><h2 class=\"wp-block-heading\">\u00a0<\/h2><h2 class=\"wp-block-heading\">\u00a0<\/h2><h2 class=\"wp-block-heading\">Quality Certificate<\/h2><p>Certificate for woven, knitted and braided products: cords and ribbons (also intended for printing) made of white polyester yarns with(or without) latex threads; made from raw materials certified with STANDARD 100 by OEKO-TEX.<\/p>\t\t\t\t\t\t\t\t<\/div>\n\t\t\t\t<\/div>\n\t\t\t\t<div class=\"elementor-element elementor-element-3bd0d7d elementor-widget elementor-widget-image\" data-id=\"3bd0d7d\" data-element_type=\"widget\" data-e-type=\"widget\" data-settings=\"{&quot;motion_fx_motion_fx_scrolling&quot;:&quot;yes&quot;,&quot;motion_fx_translateX_effect&quot;:&quot;yes&quot;,&quot;motion_fx_translateX_direction&quot;:&quot;negative&quot;,&quot;motion_fx_translateX_speed&quot;:{&quot;unit&quot;:&quot;px&quot;,&quot;size&quot;:4,&quot;sizes&quot;:[]},&quot;motion_fx_translateX_affectedRange&quot;:{&quot;unit&quot;:&quot;%&quot;,&quot;size&quot;:&quot;&quot;,&quot;sizes&quot;:{&quot;start&quot;:0,&quot;end&quot;:100}},&quot;motion_fx_devices&quot;:[&quot;desktop&quot;,&quot;tablet&quot;,&quot;mobile&quot;]}\" data-widget_type=\"image.default\">\n\t\t\t\t<div class=\"elementor-widget-container\">\n\t\t\t\t\t\t\t\t\t\t\t\t\t\t\t<img decoding=\"async\" width=\"768\" height=\"1085\" src=\"https:\/\/i0.wp.com\/splot-pas.com.pl\/wp-content\/uploads\/2025\/05\/IW-00368-en-SPLOT-2025-scaled.webp?fit=768%2C1085&amp;ssl=1\" class=\"attachment-medium_large size-medium_large wp-image-1883\" alt=\"\" srcset=\"https:\/\/i0.wp.com\/splot-pas.com.pl\/wp-content\/uploads\/2025\/05\/IW-00368-en-SPLOT-2025-scaled.webp?w=1359&amp;ssl=1 1359w, https:\/\/i0.wp.com\/splot-pas.com.pl\/wp-content\/uploads\/2025\/05\/IW-00368-en-SPLOT-2025-scaled.webp?resize=212%2C300&amp;ssl=1 212w, https:\/\/i0.wp.com\/splot-pas.com.pl\/wp-content\/uploads\/2025\/05\/IW-00368-en-SPLOT-2025-scaled.webp?resize=725%2C1024&amp;ssl=1 725w, https:\/\/i0.wp.com\/splot-pas.com.pl\/wp-content\/uploads\/2025\/05\/IW-00368-en-SPLOT-2025-scaled.webp?resize=768%2C1085&amp;ssl=1 768w, https:\/\/i0.wp.com\/splot-pas.com.pl\/wp-content\/uploads\/2025\/05\/IW-00368-en-SPLOT-2025-scaled.webp?resize=1087%2C1536&amp;ssl=1 1087w, https:\/\/i0.wp.com\/splot-pas.com.pl\/wp-content\/uploads\/2025\/05\/IW-00368-en-SPLOT-2025-scaled.webp?w=1358&amp;ssl=1 1358w\" sizes=\"(max-width: 768px) 100vw, 768px\" \/>\t\t\t\t\t\t\t\t\t\t\t\t\t\t\t<\/div>\n\t\t\t\t<\/div>\n\t\t\t\t\t<\/div>\n\t\t\t\t<\/div>\n\t\t\t\t<\/div>\n\t\t","protected":false},"excerpt":{"rendered":"<p>In terms of our production facilites and product portfolio, Splot complies with both Polish and European legal requirements. We use the opportunity to certify our products and management systems as an opportunity to confirm our standards and have them independently verified by experts. We focus on quality tailored to your requirements! \u00a0 \u00a0 \u00a0 \u00a0\u00a0\u00a0 [&hellip;]<\/p>\n","protected":false},"author":1,"featured_media":0,"parent":0,"menu_order":0,"comment_status":"closed","ping_status":"closed","template":"","meta":{"footnotes":""},"class_list":["post-1355","page","type-page","status-publish","hentry"],"yoast_head":"<!-- This site is optimized with the Yoast SEO Premium plugin v24.2 (Yoast SEO v27.0) - https:\/\/yoast.com\/product\/yoast-seo-premium-wordpress\/ -->\n<title>Certificates - SPLOT-PAS<\/title>\n<meta name=\"description\" content=\"Certificates SPLOT-PAS\" \/>\n<meta name=\"robots\" content=\"index, follow, max-snippet:-1, max-image-preview:large, max-video-preview:-1\" \/>\n<link rel=\"canonical\" href=\"https:\/\/splot-pas.com.pl\/en\/certyfikaty\/\" \/>\n<meta property=\"og:locale\" content=\"en_US\" \/>\n<meta property=\"og:type\" content=\"article\" \/>\n<meta property=\"og:title\" content=\"Certificates\" \/>\n<meta property=\"og:description\" content=\"Certificates SPLOT-PAS\" \/>\n<meta property=\"og:url\" content=\"https:\/\/splot-pas.com.pl\/en\/certyfikaty\/\" \/>\n<meta property=\"og:site_name\" content=\"SPLOT-PAS\" \/>\n<meta property=\"article:publisher\" content=\"https:\/\/www.facebook.com\/splot.textiles\" \/>\n<meta property=\"article:modified_time\" content=\"2025-05-22T09:15:47+00:00\" \/>\n<meta property=\"og:image\" content=\"https:\/\/splot-pas.com.pl\/wp-content\/uploads\/2025\/05\/IW-00198-en-SPLOT-2025-768x1085.webp\" \/>\n<meta name=\"twitter:card\" content=\"summary_large_image\" \/>\n<meta name=\"twitter:label1\" content=\"Est. reading time\" \/>\n\t<meta name=\"twitter:data1\" content=\"1 minute\" \/>\n<script type=\"application\/ld+json\" class=\"yoast-schema-graph\">{\"@context\":\"https:\/\/schema.org\",\"@graph\":[{\"@type\":\"WebPage\",\"@id\":\"https:\/\/splot-pas.com.pl\/en\/certyfikaty\/\",\"url\":\"https:\/\/splot-pas.com.pl\/en\/certyfikaty\/\",\"name\":\"Certificates - SPLOT-PAS\",\"isPartOf\":{\"@id\":\"https:\/\/splot-pas.com.pl\/en\/#website\"},\"primaryImageOfPage\":{\"@id\":\"https:\/\/splot-pas.com.pl\/en\/certyfikaty\/#primaryimage\"},\"image\":{\"@id\":\"https:\/\/splot-pas.com.pl\/en\/certyfikaty\/#primaryimage\"},\"thumbnailUrl\":\"https:\/\/splot-pas.com.pl\/wp-content\/uploads\/2025\/05\/IW-00198-en-SPLOT-2025-768x1085.webp\",\"datePublished\":\"2024-03-14T19:52:27+00:00\",\"dateModified\":\"2025-05-22T09:15:47+00:00\",\"description\":\"Certificates SPLOT-PAS\",\"breadcrumb\":{\"@id\":\"https:\/\/splot-pas.com.pl\/en\/certyfikaty\/#breadcrumb\"},\"inLanguage\":\"en-US\",\"potentialAction\":[{\"@type\":\"ReadAction\",\"target\":[\"https:\/\/splot-pas.com.pl\/en\/certyfikaty\/\"]}]},{\"@type\":\"ImageObject\",\"inLanguage\":\"en-US\",\"@id\":\"https:\/\/splot-pas.com.pl\/en\/certyfikaty\/#primaryimage\",\"url\":\"https:\/\/splot-pas.com.pl\/wp-content\/uploads\/2025\/05\/IW-00198-en-SPLOT-2025-768x1085.webp\",\"contentUrl\":\"https:\/\/splot-pas.com.pl\/wp-content\/uploads\/2025\/05\/IW-00198-en-SPLOT-2025-768x1085.webp\"},{\"@type\":\"BreadcrumbList\",\"@id\":\"https:\/\/splot-pas.com.pl\/en\/certyfikaty\/#breadcrumb\",\"itemListElement\":[{\"@type\":\"ListItem\",\"position\":1,\"name\":\"Strona g\u0142\u00f3wna\",\"item\":\"https:\/\/splot-pas.com.pl\/en\/home\/\"},{\"@type\":\"ListItem\",\"position\":2,\"name\":\"Certificates\"}]},{\"@type\":\"WebSite\",\"@id\":\"https:\/\/splot-pas.com.pl\/en\/#website\",\"url\":\"https:\/\/splot-pas.com.pl\/en\/\",\"name\":\"Splot: wszywki \u017cakardowe, metki, ta\u015bmy, gumy\",\"description\":\"Polski producent wszywek \u017cakardowych, ta\u015bmy, gumy\",\"publisher\":{\"@id\":\"https:\/\/splot-pas.com.pl\/en\/#organization\"},\"alternateName\":\"SPLOT - wszywki \u017cakardowe, ta\u015bmy, gumy, polski producent\",\"potentialAction\":[{\"@type\":\"SearchAction\",\"target\":{\"@type\":\"EntryPoint\",\"urlTemplate\":\"https:\/\/splot-pas.com.pl\/en\/?s={search_term_string}\"},\"query-input\":{\"@type\":\"PropertyValueSpecification\",\"valueRequired\":true,\"valueName\":\"search_term_string\"}}],\"inLanguage\":\"en-US\"},{\"@type\":\"Organization\",\"@id\":\"https:\/\/splot-pas.com.pl\/en\/#organization\",\"name\":\"SPLOT-PAS\",\"alternateName\":\"SPLOT: Ta\u015bmy, gumy, \u017cakard, wszywki, metki\",\"url\":\"https:\/\/splot-pas.com.pl\/en\/\",\"logo\":{\"@type\":\"ImageObject\",\"inLanguage\":\"en-US\",\"@id\":\"https:\/\/splot-pas.com.pl\/en\/#\/schema\/logo\/image\/\",\"url\":\"https:\/\/i0.wp.com\/splot-pas.com.pl\/wp-content\/uploads\/2024\/03\/splot_logo.webp?fit=831%2C588&ssl=1\",\"contentUrl\":\"https:\/\/i0.wp.com\/splot-pas.com.pl\/wp-content\/uploads\/2024\/03\/splot_logo.webp?fit=831%2C588&ssl=1\",\"width\":831,\"height\":588,\"caption\":\"SPLOT-PAS\"},\"image\":{\"@id\":\"https:\/\/splot-pas.com.pl\/en\/#\/schema\/logo\/image\/\"},\"sameAs\":[\"https:\/\/www.facebook.com\/splot.textiles\",\"http:\/\/www.instagram.com\/splot.pas\"]}]}<\/script>\n<!-- \/ Yoast SEO Premium plugin. -->","yoast_head_json":{"title":"Certificates - SPLOT-PAS","description":"Certificates SPLOT-PAS","robots":{"index":"index","follow":"follow","max-snippet":"max-snippet:-1","max-image-preview":"max-image-preview:large","max-video-preview":"max-video-preview:-1"},"canonical":"https:\/\/splot-pas.com.pl\/en\/certyfikaty\/","og_locale":"en_US","og_type":"article","og_title":"Certificates","og_description":"Certificates SPLOT-PAS","og_url":"https:\/\/splot-pas.com.pl\/en\/certyfikaty\/","og_site_name":"SPLOT-PAS","article_publisher":"https:\/\/www.facebook.com\/splot.textiles","article_modified_time":"2025-05-22T09:15:47+00:00","og_image":[{"url":"https:\/\/splot-pas.com.pl\/wp-content\/uploads\/2025\/05\/IW-00198-en-SPLOT-2025-768x1085.webp","type":"","width":"","height":""}],"twitter_card":"summary_large_image","twitter_misc":{"Est. reading time":"1 minute"},"schema":{"@context":"https:\/\/schema.org","@graph":[{"@type":"WebPage","@id":"https:\/\/splot-pas.com.pl\/en\/certyfikaty\/","url":"https:\/\/splot-pas.com.pl\/en\/certyfikaty\/","name":"Certificates - SPLOT-PAS","isPartOf":{"@id":"https:\/\/splot-pas.com.pl\/en\/#website"},"primaryImageOfPage":{"@id":"https:\/\/splot-pas.com.pl\/en\/certyfikaty\/#primaryimage"},"image":{"@id":"https:\/\/splot-pas.com.pl\/en\/certyfikaty\/#primaryimage"},"thumbnailUrl":"https:\/\/splot-pas.com.pl\/wp-content\/uploads\/2025\/05\/IW-00198-en-SPLOT-2025-768x1085.webp","datePublished":"2024-03-14T19:52:27+00:00","dateModified":"2025-05-22T09:15:47+00:00","description":"Certificates SPLOT-PAS","breadcrumb":{"@id":"https:\/\/splot-pas.com.pl\/en\/certyfikaty\/#breadcrumb"},"inLanguage":"en-US","potentialAction":[{"@type":"ReadAction","target":["https:\/\/splot-pas.com.pl\/en\/certyfikaty\/"]}]},{"@type":"ImageObject","inLanguage":"en-US","@id":"https:\/\/splot-pas.com.pl\/en\/certyfikaty\/#primaryimage","url":"https:\/\/splot-pas.com.pl\/wp-content\/uploads\/2025\/05\/IW-00198-en-SPLOT-2025-768x1085.webp","contentUrl":"https:\/\/splot-pas.com.pl\/wp-content\/uploads\/2025\/05\/IW-00198-en-SPLOT-2025-768x1085.webp"},{"@type":"BreadcrumbList","@id":"https:\/\/splot-pas.com.pl\/en\/certyfikaty\/#breadcrumb","itemListElement":[{"@type":"ListItem","position":1,"name":"Strona g\u0142\u00f3wna","item":"https:\/\/splot-pas.com.pl\/en\/home\/"},{"@type":"ListItem","position":2,"name":"Certificates"}]},{"@type":"WebSite","@id":"https:\/\/splot-pas.com.pl\/en\/#website","url":"https:\/\/splot-pas.com.pl\/en\/","name":"Splot: wszywki \u017cakardowe, metki, ta\u015bmy, gumy","description":"Polski producent wszywek \u017cakardowych, ta\u015bmy, gumy","publisher":{"@id":"https:\/\/splot-pas.com.pl\/en\/#organization"},"alternateName":"SPLOT - wszywki \u017cakardowe, ta\u015bmy, gumy, polski producent","potentialAction":[{"@type":"SearchAction","target":{"@type":"EntryPoint","urlTemplate":"https:\/\/splot-pas.com.pl\/en\/?s={search_term_string}"},"query-input":{"@type":"PropertyValueSpecification","valueRequired":true,"valueName":"search_term_string"}}],"inLanguage":"en-US"},{"@type":"Organization","@id":"https:\/\/splot-pas.com.pl\/en\/#organization","name":"SPLOT-PAS","alternateName":"SPLOT: Ta\u015bmy, gumy, \u017cakard, wszywki, metki","url":"https:\/\/splot-pas.com.pl\/en\/","logo":{"@type":"ImageObject","inLanguage":"en-US","@id":"https:\/\/splot-pas.com.pl\/en\/#\/schema\/logo\/image\/","url":"https:\/\/i0.wp.com\/splot-pas.com.pl\/wp-content\/uploads\/2024\/03\/splot_logo.webp?fit=831%2C588&ssl=1","contentUrl":"https:\/\/i0.wp.com\/splot-pas.com.pl\/wp-content\/uploads\/2024\/03\/splot_logo.webp?fit=831%2C588&ssl=1","width":831,"height":588,"caption":"SPLOT-PAS"},"image":{"@id":"https:\/\/splot-pas.com.pl\/en\/#\/schema\/logo\/image\/"},"sameAs":["https:\/\/www.facebook.com\/splot.textiles","http:\/\/www.instagram.com\/splot.pas"]}]}},"jetpack_sharing_enabled":true,"_links":{"self":[{"href":"https:\/\/splot-pas.com.pl\/en\/wp-json\/wp\/v2\/pages\/1355","targetHints":{"allow":["GET"]}}],"collection":[{"href":"https:\/\/splot-pas.com.pl\/en\/wp-json\/wp\/v2\/pages"}],"about":[{"href":"https:\/\/splot-pas.com.pl\/en\/wp-json\/wp\/v2\/types\/page"}],"author":[{"embeddable":true,"href":"https:\/\/splot-pas.com.pl\/en\/wp-json\/wp\/v2\/users\/1"}],"replies":[{"embeddable":true,"href":"https:\/\/splot-pas.com.pl\/en\/wp-json\/wp\/v2\/comments?post=1355"}],"version-history":[{"count":6,"href":"https:\/\/splot-pas.com.pl\/en\/wp-json\/wp\/v2\/pages\/1355\/revisions"}],"predecessor-version":[{"id":1889,"href":"https:\/\/splot-pas.com.pl\/en\/wp-json\/wp\/v2\/pages\/1355\/revisions\/1889"}],"wp:attachment":[{"href":"https:\/\/splot-pas.com.pl\/en\/wp-json\/wp\/v2\/media?parent=1355"}],"curies":[{"name":"wp","href":"https:\/\/api.w.org\/{rel}","templated":true}]}}