{"id":1352,"date":"2024-03-14T16:54:21","date_gmt":"2024-03-14T15:54:21","guid":{"rendered":"http:\/\/splotpascompl.beep.pl\/obuwnicza\/"},"modified":"2024-04-02T10:56:16","modified_gmt":"2024-04-02T08:56:16","slug":"obuwnicza","status":"publish","type":"page","link":"https:\/\/splot-pas.com.pl\/en\/obuwnicza\/","title":{"rendered":"Footwear"},"content":{"rendered":"\t\t<div data-elementor-type=\"wp-page\" data-elementor-id=\"1352\" class=\"elementor elementor-1352 elementor-228\" data-elementor-post-type=\"page\">\n\t\t\t\t<div class=\"elementor-element elementor-element-7e9a21e e-flex e-con-boxed e-con e-parent\" data-id=\"7e9a21e\" data-element_type=\"container\" data-e-type=\"container\">\n\t\t\t\t\t<div class=\"e-con-inner\">\n\t\t<div class=\"elementor-element elementor-element-a050c1d e-flex e-con-boxed e-con e-child\" data-id=\"a050c1d\" data-element_type=\"container\" data-e-type=\"container\">\n\t\t\t\t\t<div class=\"e-con-inner\">\n\t\t<div class=\"elementor-element elementor-element-2de6bea e-con-full e-flex e-con e-child\" data-id=\"2de6bea\" data-element_type=\"container\" data-e-type=\"container\">\n\t\t\t\t<div class=\"elementor-element elementor-element-8804b94 elementor-invisible elementor-widget elementor-widget-text-editor\" data-id=\"8804b94\" data-element_type=\"widget\" data-e-type=\"widget\" data-settings=\"{&quot;_animation&quot;:&quot;slideInLeft&quot;}\" data-widget_type=\"text-editor.default\">\n\t\t\t\t<div class=\"elementor-widget-container\">\n\t\t\t\t\t\t\t\t\t<div class=\"text-inner\">\n<div class=\"text-inner\">\n<p> <\/p>\n<p> <\/p>\n<p>In our rich product portfolio you will find all kinds of shoelaces with the possibility of individual customizing of length, width, shape (flat, round), personalized design and your own logo ended with aglet end for durability. <\/p>\n<p>In addition to laces, we present you with a collection of specialized articles for the shoe industry: from trimmings and heels, to rubber elastics. We produce both structural components of footwear and elements for fashionable finishing.<\/p>\n<p>All of our products are Oeko-tex Class I certified, so they are completely safe for contact with the skin of children and adults.<\/p>\n<\/div>\n<\/div>\t\t\t\t\t\t\t\t<\/div>\n\t\t\t\t<\/div>\n\t\t\t\t<\/div>\n\t\t<div class=\"elementor-element elementor-element-0802762 e-con-full e-flex e-con e-child\" data-id=\"0802762\" data-element_type=\"container\" data-e-type=\"container\">\n\t\t\t\t<div class=\"elementor-element elementor-element-e8b9c72 elementor-invisible elementor-widget elementor-widget-image\" data-id=\"e8b9c72\" data-element_type=\"widget\" data-e-type=\"widget\" data-settings=\"{&quot;_animation&quot;:&quot;slideInRight&quot;}\" data-widget_type=\"image.default\">\n\t\t\t\t<div class=\"elementor-widget-container\">\n\t\t\t\t\t\t\t\t\t\t\t\t\t\t\t<img fetchpriority=\"high\" decoding=\"async\" width=\"768\" height=\"1152\" src=\"https:\/\/i0.wp.com\/splot-pas.com.pl\/wp-content\/uploads\/2024\/03\/609bba482532e_branza-obuwnicza.webp?fit=768%2C1152&amp;ssl=1\" class=\"attachment-medium_large size-medium_large wp-image-1272\" alt=\"\" srcset=\"https:\/\/i0.wp.com\/splot-pas.com.pl\/wp-content\/uploads\/2024\/03\/609bba482532e_branza-obuwnicza.webp?w=800&amp;ssl=1 800w, https:\/\/i0.wp.com\/splot-pas.com.pl\/wp-content\/uploads\/2024\/03\/609bba482532e_branza-obuwnicza.webp?resize=200%2C300&amp;ssl=1 200w, https:\/\/i0.wp.com\/splot-pas.com.pl\/wp-content\/uploads\/2024\/03\/609bba482532e_branza-obuwnicza.webp?resize=683%2C1024&amp;ssl=1 683w, https:\/\/i0.wp.com\/splot-pas.com.pl\/wp-content\/uploads\/2024\/03\/609bba482532e_branza-obuwnicza.webp?resize=768%2C1152&amp;ssl=1 768w\" sizes=\"(max-width: 768px) 100vw, 768px\" \/>\t\t\t\t\t\t\t\t\t\t\t\t\t\t\t<\/div>\n\t\t\t\t<\/div>\n\t\t\t\t<\/div>\n\t\t\t\t\t<\/div>\n\t\t\t\t<\/div>\n\t\t\t\t\t<\/div>\n\t\t\t\t<\/div>\n\t\t<div class=\"elementor-element elementor-element-18d85c5 e-flex e-con-boxed e-con e-parent\" data-id=\"18d85c5\" data-element_type=\"container\" data-e-type=\"container\">\n\t\t\t\t\t<div class=\"e-con-inner\">\n\t\t<div class=\"elementor-element elementor-element-e78e276 e-con-full e-flex e-con e-child\" data-id=\"e78e276\" data-element_type=\"container\" data-e-type=\"container\">\n\t\t\t\t<div class=\"elementor-element elementor-element-72c9035 elementor-invisible elementor-widget elementor-widget-image\" data-id=\"72c9035\" data-element_type=\"widget\" data-e-type=\"widget\" data-settings=\"{&quot;_animation&quot;:&quot;slideInLeft&quot;}\" data-widget_type=\"image.default\">\n\t\t\t\t<div class=\"elementor-widget-container\">\n\t\t\t\t\t\t\t\t\t\t\t\t\t\t\t<img decoding=\"async\" width=\"800\" height=\"517\" src=\"https:\/\/i0.wp.com\/splot-pas.com.pl\/wp-content\/uploads\/2024\/03\/620513446752b_60cba09f6806c_Lamowki_tasmy_dziane_obuwnicze_i_techniczne-scaled.webp?fit=800%2C517&amp;ssl=1\" class=\"attachment-large size-large wp-image-1274\" alt=\"Lamowki_tasmy_dziane_obuwnicze_i_techniczne\" srcset=\"https:\/\/i0.wp.com\/splot-pas.com.pl\/wp-content\/uploads\/2024\/03\/620513446752b_60cba09f6806c_Lamowki_tasmy_dziane_obuwnicze_i_techniczne-scaled.webp?w=1920&amp;ssl=1 1920w, https:\/\/i0.wp.com\/splot-pas.com.pl\/wp-content\/uploads\/2024\/03\/620513446752b_60cba09f6806c_Lamowki_tasmy_dziane_obuwnicze_i_techniczne-scaled.webp?resize=300%2C194&amp;ssl=1 300w, https:\/\/i0.wp.com\/splot-pas.com.pl\/wp-content\/uploads\/2024\/03\/620513446752b_60cba09f6806c_Lamowki_tasmy_dziane_obuwnicze_i_techniczne-scaled.webp?resize=1024%2C662&amp;ssl=1 1024w, https:\/\/i0.wp.com\/splot-pas.com.pl\/wp-content\/uploads\/2024\/03\/620513446752b_60cba09f6806c_Lamowki_tasmy_dziane_obuwnicze_i_techniczne-scaled.webp?resize=768%2C497&amp;ssl=1 768w, https:\/\/i0.wp.com\/splot-pas.com.pl\/wp-content\/uploads\/2024\/03\/620513446752b_60cba09f6806c_Lamowki_tasmy_dziane_obuwnicze_i_techniczne-scaled.webp?resize=1536%2C993&amp;ssl=1 1536w, https:\/\/i0.wp.com\/splot-pas.com.pl\/wp-content\/uploads\/2024\/03\/620513446752b_60cba09f6806c_Lamowki_tasmy_dziane_obuwnicze_i_techniczne-scaled.webp?w=1600&amp;ssl=1 1600w\" sizes=\"(max-width: 800px) 100vw, 800px\" \/>\t\t\t\t\t\t\t\t\t\t\t\t\t\t\t<\/div>\n\t\t\t\t<\/div>\n\t\t\t\t<\/div>\n\t\t<div class=\"elementor-element elementor-element-c5fd3de e-con-full e-flex e-con e-child\" data-id=\"c5fd3de\" data-element_type=\"container\" data-e-type=\"container\">\n\t\t\t\t<div class=\"elementor-element elementor-element-bb6dff7 elementor-invisible elementor-widget elementor-widget-text-editor\" data-id=\"bb6dff7\" data-element_type=\"widget\" data-e-type=\"widget\" data-settings=\"{&quot;_animation&quot;:&quot;slideInRight&quot;}\" data-widget_type=\"text-editor.default\">\n\t\t\t\t<div class=\"elementor-widget-container\">\n\t\t\t\t\t\t\t\t\t<div class=\"text-inner\">\n<div class=\"gallery-text\">\n<div class=\"section-heading\">\n<div class=\"gallery-text\">\n<div class=\"section-heading\">\n<div class=\"gallery-text\">\n<div class=\"section-heading\">\n<div class=\"gallery-text\">\n<div class=\"section-heading\">\n<h2> <\/h2>\n<h2> <\/h2>\n<h2>Trimmings<\/h2>\n<p>Knitted and woven trimmings are produced from elastil, polyester, acrylic and cotton. The trimmings of our production guarantee the most fashionable finishes of your products.<\/p>\n<\/div>\n<\/div>\n<\/div>\n<\/div>\n<\/div>\n<\/div>\n<\/div>\n<\/div>\n<\/div>\t\t\t\t\t\t\t\t<\/div>\n\t\t\t\t<\/div>\n\t\t\t\t<\/div>\n\t\t\t\t\t<\/div>\n\t\t\t\t<\/div>\n\t\t<div class=\"elementor-element elementor-element-8380282 e-flex e-con-boxed e-con e-parent\" data-id=\"8380282\" data-element_type=\"container\" data-e-type=\"container\">\n\t\t\t\t\t<div class=\"e-con-inner\">\n\t\t<div class=\"elementor-element elementor-element-1a2d017 e-flex e-con-boxed e-con e-child\" data-id=\"1a2d017\" data-element_type=\"container\" data-e-type=\"container\">\n\t\t\t\t\t<div class=\"e-con-inner\">\n\t\t<div class=\"elementor-element elementor-element-64b8da9 e-con-full e-flex e-con e-child\" data-id=\"64b8da9\" data-element_type=\"container\" data-e-type=\"container\">\n\t\t\t\t<div class=\"elementor-element elementor-element-932e926 elementor-invisible elementor-widget elementor-widget-text-editor\" data-id=\"932e926\" data-element_type=\"widget\" data-e-type=\"widget\" data-settings=\"{&quot;_animation&quot;:&quot;slideInLeft&quot;}\" data-widget_type=\"text-editor.default\">\n\t\t\t\t<div class=\"elementor-widget-container\">\n\t\t\t\t\t\t\t\t\t<div class=\"text-inner\">\n<div class=\"text-inner\">\n<h2> <\/h2>\n<h2> <\/h2>\n<h2>Elastics<\/h2>\n<p>In addition, we produce knitted and woven shoe rubbers up to 110 mm wide with a variety of designs and colors. Stabilized by heat treatment with high-quality stiffening components. Polypropylene, polyester and other highly durable elements are the materials used to make heel counters or other components.<\/p>\n<\/div>\n<\/div>\t\t\t\t\t\t\t\t<\/div>\n\t\t\t\t<\/div>\n\t\t\t\t<\/div>\n\t\t<div class=\"elementor-element elementor-element-8a71776 e-con-full e-flex e-con e-child\" data-id=\"8a71776\" data-element_type=\"container\" data-e-type=\"container\">\n\t\t\t\t<div class=\"elementor-element elementor-element-cb06bf9 elementor-invisible elementor-widget elementor-widget-image\" data-id=\"cb06bf9\" data-element_type=\"widget\" data-e-type=\"widget\" data-settings=\"{&quot;_animation&quot;:&quot;slideInRight&quot;}\" data-widget_type=\"image.default\">\n\t\t\t\t<div class=\"elementor-widget-container\">\n\t\t\t\t\t\t\t\t\t\t\t\t\t\t\t<img decoding=\"async\" width=\"768\" height=\"512\" src=\"https:\/\/i0.wp.com\/splot-pas.com.pl\/wp-content\/uploads\/2024\/03\/609b9bd4e0eeb_123B-1.webp?fit=768%2C512&amp;ssl=1\" class=\"attachment-medium_large size-medium_large wp-image-1276\" alt=\"guma \u017cakardowa sportowa oporowa splot-pas\" srcset=\"https:\/\/i0.wp.com\/splot-pas.com.pl\/wp-content\/uploads\/2024\/03\/609b9bd4e0eeb_123B-1.webp?w=1500&amp;ssl=1 1500w, https:\/\/i0.wp.com\/splot-pas.com.pl\/wp-content\/uploads\/2024\/03\/609b9bd4e0eeb_123B-1.webp?resize=300%2C200&amp;ssl=1 300w, https:\/\/i0.wp.com\/splot-pas.com.pl\/wp-content\/uploads\/2024\/03\/609b9bd4e0eeb_123B-1.webp?resize=1024%2C683&amp;ssl=1 1024w, https:\/\/i0.wp.com\/splot-pas.com.pl\/wp-content\/uploads\/2024\/03\/609b9bd4e0eeb_123B-1.webp?resize=768%2C512&amp;ssl=1 768w\" sizes=\"(max-width: 768px) 100vw, 768px\" \/>\t\t\t\t\t\t\t\t\t\t\t\t\t\t\t<\/div>\n\t\t\t\t<\/div>\n\t\t\t\t<\/div>\n\t\t\t\t\t<\/div>\n\t\t\t\t<\/div>\n\t\t\t\t\t<\/div>\n\t\t\t\t<\/div>\n\t\t<div class=\"elementor-element elementor-element-d96b1d0 e-flex e-con-boxed e-con e-parent\" data-id=\"d96b1d0\" data-element_type=\"container\" data-e-type=\"container\">\n\t\t\t\t\t<div class=\"e-con-inner\">\n\t\t<div class=\"elementor-element elementor-element-4c502d9 e-con-full e-flex e-con e-child\" data-id=\"4c502d9\" data-element_type=\"container\" data-e-type=\"container\">\n\t\t\t\t<div class=\"elementor-element elementor-element-fe625a3 elementor-invisible elementor-widget elementor-widget-image\" data-id=\"fe625a3\" data-element_type=\"widget\" data-e-type=\"widget\" data-settings=\"{&quot;_animation&quot;:&quot;slideInLeft&quot;}\" data-widget_type=\"image.default\">\n\t\t\t\t<div class=\"elementor-widget-container\">\n\t\t\t\t\t\t\t\t\t\t\t\t\t\t\t<img loading=\"lazy\" decoding=\"async\" width=\"683\" height=\"1024\" src=\"https:\/\/i0.wp.com\/splot-pas.com.pl\/wp-content\/uploads\/2024\/03\/62051373a31cd_60c1f5f81ac04_sznurowki_zielone_aglet-scaled.webp?fit=683%2C1024&amp;ssl=1\" class=\"attachment-large size-large wp-image-1278\" alt=\"sznurowki_zielone_aglet producent lodz\" srcset=\"https:\/\/i0.wp.com\/splot-pas.com.pl\/wp-content\/uploads\/2024\/03\/62051373a31cd_60c1f5f81ac04_sznurowki_zielone_aglet-scaled.webp?w=1280&amp;ssl=1 1280w, https:\/\/i0.wp.com\/splot-pas.com.pl\/wp-content\/uploads\/2024\/03\/62051373a31cd_60c1f5f81ac04_sznurowki_zielone_aglet-scaled.webp?resize=200%2C300&amp;ssl=1 200w, https:\/\/i0.wp.com\/splot-pas.com.pl\/wp-content\/uploads\/2024\/03\/62051373a31cd_60c1f5f81ac04_sznurowki_zielone_aglet-scaled.webp?resize=683%2C1024&amp;ssl=1 683w, https:\/\/i0.wp.com\/splot-pas.com.pl\/wp-content\/uploads\/2024\/03\/62051373a31cd_60c1f5f81ac04_sznurowki_zielone_aglet-scaled.webp?resize=768%2C1152&amp;ssl=1 768w, https:\/\/i0.wp.com\/splot-pas.com.pl\/wp-content\/uploads\/2024\/03\/62051373a31cd_60c1f5f81ac04_sznurowki_zielone_aglet-scaled.webp?resize=1024%2C1536&amp;ssl=1 1024w\" sizes=\"(max-width: 683px) 100vw, 683px\" \/>\t\t\t\t\t\t\t\t\t\t\t\t\t\t\t<\/div>\n\t\t\t\t<\/div>\n\t\t\t\t<\/div>\n\t\t<div class=\"elementor-element elementor-element-deccbe6 e-con-full e-flex e-con e-child\" data-id=\"deccbe6\" data-element_type=\"container\" data-e-type=\"container\">\n\t\t\t\t<div class=\"elementor-element elementor-element-ff7e9f5 elementor-invisible elementor-widget elementor-widget-text-editor\" data-id=\"ff7e9f5\" data-element_type=\"widget\" data-e-type=\"widget\" data-settings=\"{&quot;_animation&quot;:&quot;slideInRight&quot;}\" data-widget_type=\"text-editor.default\">\n\t\t\t\t<div class=\"elementor-widget-container\">\n\t\t\t\t\t\t\t\t\t<div class=\"text-inner\">\n<div class=\"gallery-text\">\n<div class=\"section-heading\">\n<div class=\"gallery-text\">\n<div class=\"section-heading\">\n<div class=\"gallery-text\">\n<div class=\"section-heading\">\n<div class=\"gallery-text\">\n<div class=\"section-heading\">\n<div class=\"gallery-text\">\n<div class=\"section-heading\">\n<h2> <\/h2>\n<h2> <\/h2>\n<h2>Shoe laces<\/h2>\n<p>We produce aglet end laces of any weave and in any color scheme. The high-quality machines we use to apply the aglet tip to ensure long-lasting use.<\/p>\n<\/div>\n<\/div>\n<\/div>\n<\/div>\n<\/div>\n<\/div>\n<\/div>\n<\/div>\n<\/div>\n<\/div>\n<\/div>\t\t\t\t\t\t\t\t<\/div>\n\t\t\t\t<\/div>\n\t\t\t\t<\/div>\n\t\t\t\t\t<\/div>\n\t\t\t\t<\/div>\n\t\t<div class=\"elementor-element elementor-element-506ce4b e-flex e-con-boxed e-con e-parent\" data-id=\"506ce4b\" data-element_type=\"container\" data-e-type=\"container\">\n\t\t\t\t\t<div class=\"e-con-inner\">\n\t\t<div class=\"elementor-element elementor-element-7de9592 e-flex e-con-boxed e-con e-child\" data-id=\"7de9592\" data-element_type=\"container\" data-e-type=\"container\">\n\t\t\t\t\t<div class=\"e-con-inner\">\n\t\t<div class=\"elementor-element elementor-element-06de283 e-con-full e-flex e-con e-child\" data-id=\"06de283\" data-element_type=\"container\" data-e-type=\"container\">\n\t\t\t\t<div class=\"elementor-element elementor-element-056d173 elementor-invisible elementor-widget elementor-widget-text-editor\" data-id=\"056d173\" data-element_type=\"widget\" data-e-type=\"widget\" data-settings=\"{&quot;_animation&quot;:&quot;slideInLeft&quot;}\" data-widget_type=\"text-editor.default\">\n\t\t\t\t<div class=\"elementor-widget-container\">\n\t\t\t\t\t\t\t\t\t<div class=\"text-inner\">\n<div class=\"text-inner\">\n<div class=\"gallery-text\">\n<div class=\"section-heading\">\n<h2> <\/h2>\n<h2> <\/h2>\n<h2>Jacquard Inserts<\/h2>\n<p>Jacquard inserts are often used to decorate fabrics or to add an additional logo or a trademark. They can be used to create decorative edges, embroidery on the outside of the shoe surface or as a tag inside your final product.<\/p>\n<\/div>\n<\/div>\n<\/div>\n<\/div>\t\t\t\t\t\t\t\t<\/div>\n\t\t\t\t<\/div>\n\t\t\t\t<\/div>\n\t\t<div class=\"elementor-element elementor-element-e295846 e-con-full e-flex e-con e-child\" data-id=\"e295846\" data-element_type=\"container\" data-e-type=\"container\">\n\t\t\t\t<div class=\"elementor-element elementor-element-839bc42 elementor-invisible elementor-widget elementor-widget-image\" data-id=\"839bc42\" data-element_type=\"widget\" data-e-type=\"widget\" data-settings=\"{&quot;_animation&quot;:&quot;slideInRight&quot;}\" data-widget_type=\"image.default\">\n\t\t\t\t<div class=\"elementor-widget-container\">\n\t\t\t\t\t\t\t\t\t\t\t\t\t\t\t<img loading=\"lazy\" decoding=\"async\" width=\"768\" height=\"511\" src=\"https:\/\/i0.wp.com\/splot-pas.com.pl\/wp-content\/uploads\/2024\/03\/wszywki-zakardowe-modna-ona-splot-pas-scaled.webp?fit=768%2C511&amp;ssl=1\" class=\"attachment-medium_large size-medium_large wp-image-1280\" alt=\"wszywki zakardowe modna ona splot pas\" srcset=\"https:\/\/i0.wp.com\/splot-pas.com.pl\/wp-content\/uploads\/2024\/03\/wszywki-zakardowe-modna-ona-splot-pas-scaled.webp?w=1920&amp;ssl=1 1920w, https:\/\/i0.wp.com\/splot-pas.com.pl\/wp-content\/uploads\/2024\/03\/wszywki-zakardowe-modna-ona-splot-pas-scaled.webp?resize=300%2C199&amp;ssl=1 300w, https:\/\/i0.wp.com\/splot-pas.com.pl\/wp-content\/uploads\/2024\/03\/wszywki-zakardowe-modna-ona-splot-pas-scaled.webp?resize=1024%2C681&amp;ssl=1 1024w, https:\/\/i0.wp.com\/splot-pas.com.pl\/wp-content\/uploads\/2024\/03\/wszywki-zakardowe-modna-ona-splot-pas-scaled.webp?resize=768%2C511&amp;ssl=1 768w, https:\/\/i0.wp.com\/splot-pas.com.pl\/wp-content\/uploads\/2024\/03\/wszywki-zakardowe-modna-ona-splot-pas-scaled.webp?resize=1536%2C1021&amp;ssl=1 1536w, https:\/\/i0.wp.com\/splot-pas.com.pl\/wp-content\/uploads\/2024\/03\/wszywki-zakardowe-modna-ona-splot-pas-scaled.webp?w=1600&amp;ssl=1 1600w\" sizes=\"(max-width: 768px) 100vw, 768px\" \/>\t\t\t\t\t\t\t\t\t\t\t\t\t\t\t<\/div>\n\t\t\t\t<\/div>\n\t\t\t\t<\/div>\n\t\t\t\t\t<\/div>\n\t\t\t\t<\/div>\n\t\t\t\t\t<\/div>\n\t\t\t\t<\/div>\n\t\t\t\t<\/div>\n\t\t","protected":false},"excerpt":{"rendered":"<p>In our rich product portfolio you will find all kinds of shoelaces with the possibility of individual customizing of length, width, shape (flat, round), personalized design and your own logo ended with aglet end for durability. In addition to laces, we present you with a collection of specialized articles for the shoe industry: from trimmings [&hellip;]<\/p>\n","protected":false},"author":1,"featured_media":0,"parent":0,"menu_order":0,"comment_status":"closed","ping_status":"closed","template":"","meta":{"footnotes":""},"class_list":["post-1352","page","type-page","status-publish","hentry"],"yoast_head":"<!-- This site is optimized with the Yoast SEO Premium plugin v24.2 (Yoast SEO v27.0) - https:\/\/yoast.com\/product\/yoast-seo-premium-wordpress\/ -->\n<title>Footwear - SPLOT-PAS<\/title>\n<meta name=\"description\" content=\"Footwear SPLOT-PAS\" \/>\n<meta name=\"robots\" content=\"index, follow, max-snippet:-1, max-image-preview:large, max-video-preview:-1\" \/>\n<link rel=\"canonical\" href=\"https:\/\/splot-pas.com.pl\/en\/obuwnicza\/\" \/>\n<meta property=\"og:locale\" content=\"en_US\" \/>\n<meta property=\"og:type\" content=\"article\" \/>\n<meta property=\"og:title\" content=\"Footwear\" \/>\n<meta property=\"og:description\" content=\"Footwear SPLOT-PAS\" \/>\n<meta property=\"og:url\" content=\"https:\/\/splot-pas.com.pl\/en\/obuwnicza\/\" \/>\n<meta property=\"og:site_name\" content=\"SPLOT-PAS\" \/>\n<meta property=\"article:publisher\" content=\"https:\/\/www.facebook.com\/splot.textiles\" \/>\n<meta property=\"article:modified_time\" content=\"2024-04-02T08:56:16+00:00\" \/>\n<meta property=\"og:image\" content=\"http:\/\/splotpascompl.beep.pl\/wp-content\/uploads\/2024\/03\/609bba482532e_branza-obuwnicza-768x1152.webp\" \/>\n<meta name=\"twitter:card\" content=\"summary_large_image\" \/>\n<meta name=\"twitter:label1\" content=\"Est. reading time\" \/>\n\t<meta name=\"twitter:data1\" content=\"1 minute\" \/>\n<script type=\"application\/ld+json\" class=\"yoast-schema-graph\">{\"@context\":\"https:\/\/schema.org\",\"@graph\":[{\"@type\":\"WebPage\",\"@id\":\"https:\/\/splot-pas.com.pl\/en\/obuwnicza\/\",\"url\":\"https:\/\/splot-pas.com.pl\/en\/obuwnicza\/\",\"name\":\"Footwear - SPLOT-PAS\",\"isPartOf\":{\"@id\":\"https:\/\/splot-pas.com.pl\/en\/#website\"},\"primaryImageOfPage\":{\"@id\":\"https:\/\/splot-pas.com.pl\/en\/obuwnicza\/#primaryimage\"},\"image\":{\"@id\":\"https:\/\/splot-pas.com.pl\/en\/obuwnicza\/#primaryimage\"},\"thumbnailUrl\":\"http:\/\/splotpascompl.beep.pl\/wp-content\/uploads\/2024\/03\/609bba482532e_branza-obuwnicza-768x1152.webp\",\"datePublished\":\"2024-03-14T15:54:21+00:00\",\"dateModified\":\"2024-04-02T08:56:16+00:00\",\"description\":\"Footwear SPLOT-PAS\",\"breadcrumb\":{\"@id\":\"https:\/\/splot-pas.com.pl\/en\/obuwnicza\/#breadcrumb\"},\"inLanguage\":\"en-US\",\"potentialAction\":[{\"@type\":\"ReadAction\",\"target\":[\"https:\/\/splot-pas.com.pl\/en\/obuwnicza\/\"]}]},{\"@type\":\"ImageObject\",\"inLanguage\":\"en-US\",\"@id\":\"https:\/\/splot-pas.com.pl\/en\/obuwnicza\/#primaryimage\",\"url\":\"http:\/\/splotpascompl.beep.pl\/wp-content\/uploads\/2024\/03\/609bba482532e_branza-obuwnicza-768x1152.webp\",\"contentUrl\":\"http:\/\/splotpascompl.beep.pl\/wp-content\/uploads\/2024\/03\/609bba482532e_branza-obuwnicza-768x1152.webp\"},{\"@type\":\"BreadcrumbList\",\"@id\":\"https:\/\/splot-pas.com.pl\/en\/obuwnicza\/#breadcrumb\",\"itemListElement\":[{\"@type\":\"ListItem\",\"position\":1,\"name\":\"Strona g\u0142\u00f3wna\",\"item\":\"https:\/\/splot-pas.com.pl\/en\/home\/\"},{\"@type\":\"ListItem\",\"position\":2,\"name\":\"Footwear\"}]},{\"@type\":\"WebSite\",\"@id\":\"https:\/\/splot-pas.com.pl\/en\/#website\",\"url\":\"https:\/\/splot-pas.com.pl\/en\/\",\"name\":\"Splot: wszywki \u017cakardowe, metki, ta\u015bmy, gumy\",\"description\":\"Polski producent wszywek \u017cakardowych, ta\u015bmy, gumy\",\"publisher\":{\"@id\":\"https:\/\/splot-pas.com.pl\/en\/#organization\"},\"alternateName\":\"SPLOT - wszywki \u017cakardowe, ta\u015bmy, gumy, polski producent\",\"potentialAction\":[{\"@type\":\"SearchAction\",\"target\":{\"@type\":\"EntryPoint\",\"urlTemplate\":\"https:\/\/splot-pas.com.pl\/en\/?s={search_term_string}\"},\"query-input\":{\"@type\":\"PropertyValueSpecification\",\"valueRequired\":true,\"valueName\":\"search_term_string\"}}],\"inLanguage\":\"en-US\"},{\"@type\":\"Organization\",\"@id\":\"https:\/\/splot-pas.com.pl\/en\/#organization\",\"name\":\"SPLOT-PAS\",\"alternateName\":\"SPLOT: Ta\u015bmy, gumy, \u017cakard, wszywki, metki\",\"url\":\"https:\/\/splot-pas.com.pl\/en\/\",\"logo\":{\"@type\":\"ImageObject\",\"inLanguage\":\"en-US\",\"@id\":\"https:\/\/splot-pas.com.pl\/en\/#\/schema\/logo\/image\/\",\"url\":\"https:\/\/i0.wp.com\/splot-pas.com.pl\/wp-content\/uploads\/2024\/03\/splot_logo.webp?fit=831%2C588&ssl=1\",\"contentUrl\":\"https:\/\/i0.wp.com\/splot-pas.com.pl\/wp-content\/uploads\/2024\/03\/splot_logo.webp?fit=831%2C588&ssl=1\",\"width\":831,\"height\":588,\"caption\":\"SPLOT-PAS\"},\"image\":{\"@id\":\"https:\/\/splot-pas.com.pl\/en\/#\/schema\/logo\/image\/\"},\"sameAs\":[\"https:\/\/www.facebook.com\/splot.textiles\",\"http:\/\/www.instagram.com\/splot.pas\"]}]}<\/script>\n<!-- \/ Yoast SEO Premium plugin. -->","yoast_head_json":{"title":"Footwear - SPLOT-PAS","description":"Footwear SPLOT-PAS","robots":{"index":"index","follow":"follow","max-snippet":"max-snippet:-1","max-image-preview":"max-image-preview:large","max-video-preview":"max-video-preview:-1"},"canonical":"https:\/\/splot-pas.com.pl\/en\/obuwnicza\/","og_locale":"en_US","og_type":"article","og_title":"Footwear","og_description":"Footwear SPLOT-PAS","og_url":"https:\/\/splot-pas.com.pl\/en\/obuwnicza\/","og_site_name":"SPLOT-PAS","article_publisher":"https:\/\/www.facebook.com\/splot.textiles","article_modified_time":"2024-04-02T08:56:16+00:00","og_image":[{"url":"http:\/\/splotpascompl.beep.pl\/wp-content\/uploads\/2024\/03\/609bba482532e_branza-obuwnicza-768x1152.webp","type":"","width":"","height":""}],"twitter_card":"summary_large_image","twitter_misc":{"Est. reading time":"1 minute"},"schema":{"@context":"https:\/\/schema.org","@graph":[{"@type":"WebPage","@id":"https:\/\/splot-pas.com.pl\/en\/obuwnicza\/","url":"https:\/\/splot-pas.com.pl\/en\/obuwnicza\/","name":"Footwear - SPLOT-PAS","isPartOf":{"@id":"https:\/\/splot-pas.com.pl\/en\/#website"},"primaryImageOfPage":{"@id":"https:\/\/splot-pas.com.pl\/en\/obuwnicza\/#primaryimage"},"image":{"@id":"https:\/\/splot-pas.com.pl\/en\/obuwnicza\/#primaryimage"},"thumbnailUrl":"http:\/\/splotpascompl.beep.pl\/wp-content\/uploads\/2024\/03\/609bba482532e_branza-obuwnicza-768x1152.webp","datePublished":"2024-03-14T15:54:21+00:00","dateModified":"2024-04-02T08:56:16+00:00","description":"Footwear SPLOT-PAS","breadcrumb":{"@id":"https:\/\/splot-pas.com.pl\/en\/obuwnicza\/#breadcrumb"},"inLanguage":"en-US","potentialAction":[{"@type":"ReadAction","target":["https:\/\/splot-pas.com.pl\/en\/obuwnicza\/"]}]},{"@type":"ImageObject","inLanguage":"en-US","@id":"https:\/\/splot-pas.com.pl\/en\/obuwnicza\/#primaryimage","url":"http:\/\/splotpascompl.beep.pl\/wp-content\/uploads\/2024\/03\/609bba482532e_branza-obuwnicza-768x1152.webp","contentUrl":"http:\/\/splotpascompl.beep.pl\/wp-content\/uploads\/2024\/03\/609bba482532e_branza-obuwnicza-768x1152.webp"},{"@type":"BreadcrumbList","@id":"https:\/\/splot-pas.com.pl\/en\/obuwnicza\/#breadcrumb","itemListElement":[{"@type":"ListItem","position":1,"name":"Strona g\u0142\u00f3wna","item":"https:\/\/splot-pas.com.pl\/en\/home\/"},{"@type":"ListItem","position":2,"name":"Footwear"}]},{"@type":"WebSite","@id":"https:\/\/splot-pas.com.pl\/en\/#website","url":"https:\/\/splot-pas.com.pl\/en\/","name":"Splot: wszywki \u017cakardowe, metki, ta\u015bmy, gumy","description":"Polski producent wszywek \u017cakardowych, ta\u015bmy, gumy","publisher":{"@id":"https:\/\/splot-pas.com.pl\/en\/#organization"},"alternateName":"SPLOT - wszywki \u017cakardowe, ta\u015bmy, gumy, polski producent","potentialAction":[{"@type":"SearchAction","target":{"@type":"EntryPoint","urlTemplate":"https:\/\/splot-pas.com.pl\/en\/?s={search_term_string}"},"query-input":{"@type":"PropertyValueSpecification","valueRequired":true,"valueName":"search_term_string"}}],"inLanguage":"en-US"},{"@type":"Organization","@id":"https:\/\/splot-pas.com.pl\/en\/#organization","name":"SPLOT-PAS","alternateName":"SPLOT: Ta\u015bmy, gumy, \u017cakard, wszywki, metki","url":"https:\/\/splot-pas.com.pl\/en\/","logo":{"@type":"ImageObject","inLanguage":"en-US","@id":"https:\/\/splot-pas.com.pl\/en\/#\/schema\/logo\/image\/","url":"https:\/\/i0.wp.com\/splot-pas.com.pl\/wp-content\/uploads\/2024\/03\/splot_logo.webp?fit=831%2C588&ssl=1","contentUrl":"https:\/\/i0.wp.com\/splot-pas.com.pl\/wp-content\/uploads\/2024\/03\/splot_logo.webp?fit=831%2C588&ssl=1","width":831,"height":588,"caption":"SPLOT-PAS"},"image":{"@id":"https:\/\/splot-pas.com.pl\/en\/#\/schema\/logo\/image\/"},"sameAs":["https:\/\/www.facebook.com\/splot.textiles","http:\/\/www.instagram.com\/splot.pas"]}]}},"jetpack_sharing_enabled":true,"_links":{"self":[{"href":"https:\/\/splot-pas.com.pl\/en\/wp-json\/wp\/v2\/pages\/1352","targetHints":{"allow":["GET"]}}],"collection":[{"href":"https:\/\/splot-pas.com.pl\/en\/wp-json\/wp\/v2\/pages"}],"about":[{"href":"https:\/\/splot-pas.com.pl\/en\/wp-json\/wp\/v2\/types\/page"}],"author":[{"embeddable":true,"href":"https:\/\/splot-pas.com.pl\/en\/wp-json\/wp\/v2\/users\/1"}],"replies":[{"embeddable":true,"href":"https:\/\/splot-pas.com.pl\/en\/wp-json\/wp\/v2\/comments?post=1352"}],"version-history":[{"count":2,"href":"https:\/\/splot-pas.com.pl\/en\/wp-json\/wp\/v2\/pages\/1352\/revisions"}],"predecessor-version":[{"id":1441,"href":"https:\/\/splot-pas.com.pl\/en\/wp-json\/wp\/v2\/pages\/1352\/revisions\/1441"}],"wp:attachment":[{"href":"https:\/\/splot-pas.com.pl\/en\/wp-json\/wp\/v2\/media?parent=1352"}],"curies":[{"name":"wp","href":"https:\/\/api.w.org\/{rel}","templated":true}]}}