{"id":1346,"date":"2024-03-14T12:58:16","date_gmt":"2024-03-14T11:58:16","guid":{"rendered":"http:\/\/splotpascompl.beep.pl\/sublimacja\/"},"modified":"2024-03-31T14:48:15","modified_gmt":"2024-03-31T12:48:15","slug":"sublimacja","status":"publish","type":"page","link":"https:\/\/splot-pas.com.pl\/en\/sublimacja\/","title":{"rendered":"Sublimation print"},"content":{"rendered":"\t\t<div data-elementor-type=\"wp-page\" data-elementor-id=\"1346\" class=\"elementor elementor-1346 elementor-195\" data-elementor-post-type=\"page\">\n\t\t\t\t<div class=\"elementor-element elementor-element-1552b40 e-flex e-con-boxed e-con e-parent\" data-id=\"1552b40\" data-element_type=\"container\" data-e-type=\"container\">\n\t\t\t\t\t<div class=\"e-con-inner\">\n\t\t<div class=\"elementor-element elementor-element-210d5f7 e-con-full e-flex e-con e-child\" data-id=\"210d5f7\" data-element_type=\"container\" data-e-type=\"container\">\n\t\t\t\t<div class=\"elementor-element elementor-element-d85eff8 elementor-widget elementor-widget-text-editor\" data-id=\"d85eff8\" data-element_type=\"widget\" data-e-type=\"widget\" data-widget_type=\"text-editor.default\">\n\t\t\t\t<div class=\"elementor-widget-container\">\n\t\t\t\t\t\t\t\t\t<p>In over the 20 years of running our business, we have specialized in the production of sublimation printing materials, rubbers, decorative tapes and technical tapes with print on.<\/p>\n<p>In the first years of Splot&#8217;s existence, our most popular item was in house developed lanyard tape produced for sublimation printing, bleached and calendered.<\/p>\n<p>Over the years, we have introduced sublimation-ready carrier tapes. In this area, products made from certified recycled yarns are gaining popularity.<\/p>\n<p>A recent hit and novelty are elastics that are suitable for sublimation printing. Carrying the designs and patterns (often for advertising) of our customers. Each batch we make is checked for sublimation on its own press and plotter.<\/p>\n<p>Many years of experience in the production of sublimation materials allowed us to develop completly new products on the market: laces and shoelaces with print on.<\/p>\n<p> <\/p>\n<p> <\/p>\n<div class=\"wp-block-columns\">\n<p> <\/p>\n<div class=\"wp-block-column\"> <\/div>\n<p> <\/p>\n<p> <\/p>\n<div class=\"wp-block-column\"> <\/div>\n<p> <\/p>\n<\/div>\n<p> <\/p>\t\t\t\t\t\t\t\t<\/div>\n\t\t\t\t<\/div>\n\t\t\t\t<\/div>\n\t\t<div class=\"elementor-element elementor-element-08cc370 e-con-full e-flex e-con e-child\" data-id=\"08cc370\" data-element_type=\"container\" data-e-type=\"container\">\n\t\t\t\t<div class=\"elementor-element elementor-element-a317151 elementor-widget elementor-widget-image\" data-id=\"a317151\" data-element_type=\"widget\" data-e-type=\"widget\" data-widget_type=\"image.default\">\n\t\t\t\t<div class=\"elementor-widget-container\">\n\t\t\t\t\t\t\t\t\t\t\t\t\t\t\t<img fetchpriority=\"high\" decoding=\"async\" width=\"800\" height=\"476\" src=\"https:\/\/i0.wp.com\/splot-pas.com.pl\/wp-content\/uploads\/2024\/03\/60c4aae3c09db_branza_reklamowa_rozne-scaled.webp?fit=800%2C476&amp;ssl=1\" class=\"attachment-large size-large wp-image-1166\" alt=\"ta\u015bmy trykoty lampasy sublimacja producent \u0141\u00f3d\u017a\" srcset=\"https:\/\/i0.wp.com\/splot-pas.com.pl\/wp-content\/uploads\/2024\/03\/60c4aae3c09db_branza_reklamowa_rozne-scaled.webp?w=1920&amp;ssl=1 1920w, https:\/\/i0.wp.com\/splot-pas.com.pl\/wp-content\/uploads\/2024\/03\/60c4aae3c09db_branza_reklamowa_rozne-scaled.webp?resize=300%2C178&amp;ssl=1 300w, https:\/\/i0.wp.com\/splot-pas.com.pl\/wp-content\/uploads\/2024\/03\/60c4aae3c09db_branza_reklamowa_rozne-scaled.webp?resize=1024%2C609&amp;ssl=1 1024w, https:\/\/i0.wp.com\/splot-pas.com.pl\/wp-content\/uploads\/2024\/03\/60c4aae3c09db_branza_reklamowa_rozne-scaled.webp?resize=768%2C457&amp;ssl=1 768w, https:\/\/i0.wp.com\/splot-pas.com.pl\/wp-content\/uploads\/2024\/03\/60c4aae3c09db_branza_reklamowa_rozne-scaled.webp?resize=1536%2C913&amp;ssl=1 1536w, https:\/\/i0.wp.com\/splot-pas.com.pl\/wp-content\/uploads\/2024\/03\/60c4aae3c09db_branza_reklamowa_rozne-scaled.webp?w=1600&amp;ssl=1 1600w\" sizes=\"(max-width: 800px) 100vw, 800px\" \/>\t\t\t\t\t\t\t\t\t\t\t\t\t\t\t<\/div>\n\t\t\t\t<\/div>\n\t\t\t\t<\/div>\n\t\t\t\t\t<\/div>\n\t\t\t\t<\/div>\n\t\t<div class=\"elementor-element elementor-element-292fc6e e-flex e-con-boxed e-con e-parent\" data-id=\"292fc6e\" data-element_type=\"container\" data-e-type=\"container\">\n\t\t\t\t\t<div class=\"e-con-inner\">\n\t\t<div class=\"elementor-element elementor-element-0f120e7 e-con-full e-flex e-con e-child\" data-id=\"0f120e7\" data-element_type=\"container\" data-e-type=\"container\">\n\t\t\t\t<div class=\"elementor-element elementor-element-ddab45d e-transform elementor-position-top elementor-widget elementor-widget-image-box\" data-id=\"ddab45d\" data-element_type=\"widget\" data-e-type=\"widget\" data-settings=\"{&quot;_transform_scale_effect_hover&quot;:{&quot;unit&quot;:&quot;px&quot;,&quot;size&quot;:1.1,&quot;sizes&quot;:[]},&quot;_transform_scale_effect_hover_tablet&quot;:{&quot;unit&quot;:&quot;px&quot;,&quot;size&quot;:&quot;&quot;,&quot;sizes&quot;:[]},&quot;_transform_scale_effect_hover_mobile&quot;:{&quot;unit&quot;:&quot;px&quot;,&quot;size&quot;:&quot;&quot;,&quot;sizes&quot;:[]}}\" data-widget_type=\"image-box.default\">\n\t\t\t\t<div class=\"elementor-widget-container\">\n\t\t\t\t\t<div class=\"elementor-image-box-wrapper\"><figure class=\"elementor-image-box-img\"><img decoding=\"async\" width=\"1920\" height=\"1280\" src=\"https:\/\/i0.wp.com\/splot-pas.com.pl\/wp-content\/uploads\/2024\/03\/60cb7efa89379_sublimacja__zielony-scaled.webp?fit=1920%2C1280&amp;ssl=1\" class=\"attachment-full size-full wp-image-1168\" alt=\"ta\u015bmy trykoty lampasy sublimacja producent \u0141\u00f3d\u017a\" srcset=\"https:\/\/i0.wp.com\/splot-pas.com.pl\/wp-content\/uploads\/2024\/03\/60cb7efa89379_sublimacja__zielony-scaled.webp?w=1920&amp;ssl=1 1920w, https:\/\/i0.wp.com\/splot-pas.com.pl\/wp-content\/uploads\/2024\/03\/60cb7efa89379_sublimacja__zielony-scaled.webp?resize=300%2C200&amp;ssl=1 300w, https:\/\/i0.wp.com\/splot-pas.com.pl\/wp-content\/uploads\/2024\/03\/60cb7efa89379_sublimacja__zielony-scaled.webp?resize=1024%2C683&amp;ssl=1 1024w, https:\/\/i0.wp.com\/splot-pas.com.pl\/wp-content\/uploads\/2024\/03\/60cb7efa89379_sublimacja__zielony-scaled.webp?resize=768%2C512&amp;ssl=1 768w, https:\/\/i0.wp.com\/splot-pas.com.pl\/wp-content\/uploads\/2024\/03\/60cb7efa89379_sublimacja__zielony-scaled.webp?resize=1536%2C1024&amp;ssl=1 1536w, https:\/\/i0.wp.com\/splot-pas.com.pl\/wp-content\/uploads\/2024\/03\/60cb7efa89379_sublimacja__zielony-scaled.webp?w=1600&amp;ssl=1 1600w\" sizes=\"(max-width: 800px) 100vw, 800px\" \/><\/figure><div class=\"elementor-image-box-content\"><h3 class=\"elementor-image-box-title\">Sublimation print<\/h3><p class=\"elementor-image-box-description\">We offer media for sublimation printing of tapes, lanyards, elastics.<\/p><\/div><\/div>\t\t\t\t<\/div>\n\t\t\t\t<\/div>\n\t\t\t\t<\/div>\n\t\t<div class=\"elementor-element elementor-element-8eff3e0 e-con-full e-flex e-con e-child\" data-id=\"8eff3e0\" data-element_type=\"container\" data-e-type=\"container\">\n\t\t\t\t<div class=\"elementor-element elementor-element-b9da3b6 e-transform elementor-position-top elementor-widget elementor-widget-image-box\" data-id=\"b9da3b6\" data-element_type=\"widget\" data-e-type=\"widget\" data-settings=\"{&quot;_transform_scale_effect_hover&quot;:{&quot;unit&quot;:&quot;px&quot;,&quot;size&quot;:1.1,&quot;sizes&quot;:[]},&quot;_transform_scale_effect_hover_tablet&quot;:{&quot;unit&quot;:&quot;px&quot;,&quot;size&quot;:&quot;&quot;,&quot;sizes&quot;:[]},&quot;_transform_scale_effect_hover_mobile&quot;:{&quot;unit&quot;:&quot;px&quot;,&quot;size&quot;:&quot;&quot;,&quot;sizes&quot;:[]}}\" data-widget_type=\"image-box.default\">\n\t\t\t\t<div class=\"elementor-widget-container\">\n\t\t\t\t\t<div class=\"elementor-image-box-wrapper\"><figure class=\"elementor-image-box-img\"><img decoding=\"async\" width=\"1086\" height=\"724\" src=\"https:\/\/i0.wp.com\/splot-pas.com.pl\/wp-content\/uploads\/2024\/03\/A14F9CD4-D5A9-4DE0-896E-A72F3A773D6E_1_105_c.webp?fit=1086%2C724&amp;ssl=1\" class=\"attachment-full size-full wp-image-1172\" alt=\"ta\u015bmy trykoty lampasy sublimacja producent \u0141\u00f3d\u017a\" srcset=\"https:\/\/i0.wp.com\/splot-pas.com.pl\/wp-content\/uploads\/2024\/03\/A14F9CD4-D5A9-4DE0-896E-A72F3A773D6E_1_105_c.webp?w=1086&amp;ssl=1 1086w, https:\/\/i0.wp.com\/splot-pas.com.pl\/wp-content\/uploads\/2024\/03\/A14F9CD4-D5A9-4DE0-896E-A72F3A773D6E_1_105_c.webp?resize=300%2C200&amp;ssl=1 300w, https:\/\/i0.wp.com\/splot-pas.com.pl\/wp-content\/uploads\/2024\/03\/A14F9CD4-D5A9-4DE0-896E-A72F3A773D6E_1_105_c.webp?resize=1024%2C683&amp;ssl=1 1024w, https:\/\/i0.wp.com\/splot-pas.com.pl\/wp-content\/uploads\/2024\/03\/A14F9CD4-D5A9-4DE0-896E-A72F3A773D6E_1_105_c.webp?resize=768%2C512&amp;ssl=1 768w\" sizes=\"(max-width: 800px) 100vw, 800px\" \/><\/figure><div class=\"elementor-image-box-content\"><h3 class=\"elementor-image-box-title\">Sublimation print<\/h3><p class=\"elementor-image-box-description\">High quality materials offer vivid and lasting colours.<\/p><\/div><\/div>\t\t\t\t<\/div>\n\t\t\t\t<\/div>\n\t\t\t\t<\/div>\n\t\t\t\t\t<\/div>\n\t\t\t\t<\/div>\n\t\t\t\t<\/div>\n\t\t","protected":false},"excerpt":{"rendered":"<p>In over the 20 years of running our business, we have specialized in the production of sublimation printing materials, rubbers, decorative tapes and technical tapes with print on. In the first years of Splot&#8217;s existence, our most popular item was in house developed lanyard tape produced for sublimation printing, bleached and calendered. Over the years, [&hellip;]<\/p>\n","protected":false},"author":1,"featured_media":0,"parent":0,"menu_order":0,"comment_status":"closed","ping_status":"closed","template":"","meta":{"footnotes":""},"class_list":["post-1346","page","type-page","status-publish","hentry"],"yoast_head":"<!-- This site is optimized with the Yoast SEO Premium plugin v24.2 (Yoast SEO v27.0) - https:\/\/yoast.com\/product\/yoast-seo-premium-wordpress\/ -->\n<title>Tapes leash and other textile products ready for sublimation thermal transfer print<\/title>\n<meta name=\"description\" content=\"Sublimation print SPLOT-PAS\" \/>\n<meta name=\"robots\" content=\"index, follow, max-snippet:-1, max-image-preview:large, max-video-preview:-1\" \/>\n<link rel=\"canonical\" href=\"https:\/\/splot-pas.com.pl\/en\/sublimacja\/\" \/>\n<meta property=\"og:locale\" content=\"en_US\" \/>\n<meta property=\"og:type\" content=\"article\" \/>\n<meta property=\"og:title\" content=\"Sublimation print\" \/>\n<meta property=\"og:description\" content=\"Sublimation print SPLOT-PAS\" \/>\n<meta property=\"og:url\" content=\"https:\/\/splot-pas.com.pl\/en\/sublimacja\/\" \/>\n<meta property=\"og:site_name\" content=\"SPLOT-PAS\" \/>\n<meta property=\"article:publisher\" content=\"https:\/\/www.facebook.com\/splot.textiles\" \/>\n<meta property=\"article:modified_time\" content=\"2024-03-31T12:48:15+00:00\" \/>\n<meta property=\"og:image\" content=\"http:\/\/splotpascompl.beep.pl\/wp-content\/uploads\/2024\/03\/60c4aae3c09db_branza_reklamowa_rozne-1024x609.webp\" \/>\n<meta name=\"twitter:card\" content=\"summary_large_image\" \/>\n<meta name=\"twitter:label1\" content=\"Est. reading time\" \/>\n\t<meta name=\"twitter:data1\" content=\"1 minute\" \/>\n<script type=\"application\/ld+json\" class=\"yoast-schema-graph\">{\"@context\":\"https:\/\/schema.org\",\"@graph\":[{\"@type\":\"WebPage\",\"@id\":\"https:\/\/splot-pas.com.pl\/en\/sublimacja\/\",\"url\":\"https:\/\/splot-pas.com.pl\/en\/sublimacja\/\",\"name\":\"Tapes leash and other textile products ready for sublimation thermal transfer print\",\"isPartOf\":{\"@id\":\"https:\/\/splot-pas.com.pl\/en\/#website\"},\"primaryImageOfPage\":{\"@id\":\"https:\/\/splot-pas.com.pl\/en\/sublimacja\/#primaryimage\"},\"image\":{\"@id\":\"https:\/\/splot-pas.com.pl\/en\/sublimacja\/#primaryimage\"},\"thumbnailUrl\":\"http:\/\/splotpascompl.beep.pl\/wp-content\/uploads\/2024\/03\/60c4aae3c09db_branza_reklamowa_rozne-1024x609.webp\",\"datePublished\":\"2024-03-14T11:58:16+00:00\",\"dateModified\":\"2024-03-31T12:48:15+00:00\",\"description\":\"Sublimation print SPLOT-PAS\",\"breadcrumb\":{\"@id\":\"https:\/\/splot-pas.com.pl\/en\/sublimacja\/#breadcrumb\"},\"inLanguage\":\"en-US\",\"potentialAction\":[{\"@type\":\"ReadAction\",\"target\":[\"https:\/\/splot-pas.com.pl\/en\/sublimacja\/\"]}]},{\"@type\":\"ImageObject\",\"inLanguage\":\"en-US\",\"@id\":\"https:\/\/splot-pas.com.pl\/en\/sublimacja\/#primaryimage\",\"url\":\"http:\/\/splotpascompl.beep.pl\/wp-content\/uploads\/2024\/03\/60c4aae3c09db_branza_reklamowa_rozne-1024x609.webp\",\"contentUrl\":\"http:\/\/splotpascompl.beep.pl\/wp-content\/uploads\/2024\/03\/60c4aae3c09db_branza_reklamowa_rozne-1024x609.webp\"},{\"@type\":\"BreadcrumbList\",\"@id\":\"https:\/\/splot-pas.com.pl\/en\/sublimacja\/#breadcrumb\",\"itemListElement\":[{\"@type\":\"ListItem\",\"position\":1,\"name\":\"Strona g\u0142\u00f3wna\",\"item\":\"https:\/\/splot-pas.com.pl\/en\/home\/\"},{\"@type\":\"ListItem\",\"position\":2,\"name\":\"Sublimation print\"}]},{\"@type\":\"WebSite\",\"@id\":\"https:\/\/splot-pas.com.pl\/en\/#website\",\"url\":\"https:\/\/splot-pas.com.pl\/en\/\",\"name\":\"Splot: wszywki \u017cakardowe, metki, ta\u015bmy, gumy\",\"description\":\"Polski producent wszywek \u017cakardowych, ta\u015bmy, gumy\",\"publisher\":{\"@id\":\"https:\/\/splot-pas.com.pl\/en\/#organization\"},\"alternateName\":\"SPLOT - wszywki \u017cakardowe, ta\u015bmy, gumy, polski producent\",\"potentialAction\":[{\"@type\":\"SearchAction\",\"target\":{\"@type\":\"EntryPoint\",\"urlTemplate\":\"https:\/\/splot-pas.com.pl\/en\/?s={search_term_string}\"},\"query-input\":{\"@type\":\"PropertyValueSpecification\",\"valueRequired\":true,\"valueName\":\"search_term_string\"}}],\"inLanguage\":\"en-US\"},{\"@type\":\"Organization\",\"@id\":\"https:\/\/splot-pas.com.pl\/en\/#organization\",\"name\":\"SPLOT-PAS\",\"alternateName\":\"SPLOT: Ta\u015bmy, gumy, \u017cakard, wszywki, metki\",\"url\":\"https:\/\/splot-pas.com.pl\/en\/\",\"logo\":{\"@type\":\"ImageObject\",\"inLanguage\":\"en-US\",\"@id\":\"https:\/\/splot-pas.com.pl\/en\/#\/schema\/logo\/image\/\",\"url\":\"https:\/\/i0.wp.com\/splot-pas.com.pl\/wp-content\/uploads\/2024\/03\/splot_logo.webp?fit=831%2C588&ssl=1\",\"contentUrl\":\"https:\/\/i0.wp.com\/splot-pas.com.pl\/wp-content\/uploads\/2024\/03\/splot_logo.webp?fit=831%2C588&ssl=1\",\"width\":831,\"height\":588,\"caption\":\"SPLOT-PAS\"},\"image\":{\"@id\":\"https:\/\/splot-pas.com.pl\/en\/#\/schema\/logo\/image\/\"},\"sameAs\":[\"https:\/\/www.facebook.com\/splot.textiles\",\"http:\/\/www.instagram.com\/splot.pas\"]}]}<\/script>\n<!-- \/ Yoast SEO Premium plugin. -->","yoast_head_json":{"title":"Tapes leash and other textile products ready for sublimation thermal transfer print","description":"Sublimation print SPLOT-PAS","robots":{"index":"index","follow":"follow","max-snippet":"max-snippet:-1","max-image-preview":"max-image-preview:large","max-video-preview":"max-video-preview:-1"},"canonical":"https:\/\/splot-pas.com.pl\/en\/sublimacja\/","og_locale":"en_US","og_type":"article","og_title":"Sublimation print","og_description":"Sublimation print SPLOT-PAS","og_url":"https:\/\/splot-pas.com.pl\/en\/sublimacja\/","og_site_name":"SPLOT-PAS","article_publisher":"https:\/\/www.facebook.com\/splot.textiles","article_modified_time":"2024-03-31T12:48:15+00:00","og_image":[{"url":"http:\/\/splotpascompl.beep.pl\/wp-content\/uploads\/2024\/03\/60c4aae3c09db_branza_reklamowa_rozne-1024x609.webp","type":"","width":"","height":""}],"twitter_card":"summary_large_image","twitter_misc":{"Est. reading time":"1 minute"},"schema":{"@context":"https:\/\/schema.org","@graph":[{"@type":"WebPage","@id":"https:\/\/splot-pas.com.pl\/en\/sublimacja\/","url":"https:\/\/splot-pas.com.pl\/en\/sublimacja\/","name":"Tapes leash and other textile products ready for sublimation thermal transfer print","isPartOf":{"@id":"https:\/\/splot-pas.com.pl\/en\/#website"},"primaryImageOfPage":{"@id":"https:\/\/splot-pas.com.pl\/en\/sublimacja\/#primaryimage"},"image":{"@id":"https:\/\/splot-pas.com.pl\/en\/sublimacja\/#primaryimage"},"thumbnailUrl":"http:\/\/splotpascompl.beep.pl\/wp-content\/uploads\/2024\/03\/60c4aae3c09db_branza_reklamowa_rozne-1024x609.webp","datePublished":"2024-03-14T11:58:16+00:00","dateModified":"2024-03-31T12:48:15+00:00","description":"Sublimation print SPLOT-PAS","breadcrumb":{"@id":"https:\/\/splot-pas.com.pl\/en\/sublimacja\/#breadcrumb"},"inLanguage":"en-US","potentialAction":[{"@type":"ReadAction","target":["https:\/\/splot-pas.com.pl\/en\/sublimacja\/"]}]},{"@type":"ImageObject","inLanguage":"en-US","@id":"https:\/\/splot-pas.com.pl\/en\/sublimacja\/#primaryimage","url":"http:\/\/splotpascompl.beep.pl\/wp-content\/uploads\/2024\/03\/60c4aae3c09db_branza_reklamowa_rozne-1024x609.webp","contentUrl":"http:\/\/splotpascompl.beep.pl\/wp-content\/uploads\/2024\/03\/60c4aae3c09db_branza_reklamowa_rozne-1024x609.webp"},{"@type":"BreadcrumbList","@id":"https:\/\/splot-pas.com.pl\/en\/sublimacja\/#breadcrumb","itemListElement":[{"@type":"ListItem","position":1,"name":"Strona g\u0142\u00f3wna","item":"https:\/\/splot-pas.com.pl\/en\/home\/"},{"@type":"ListItem","position":2,"name":"Sublimation print"}]},{"@type":"WebSite","@id":"https:\/\/splot-pas.com.pl\/en\/#website","url":"https:\/\/splot-pas.com.pl\/en\/","name":"Splot: wszywki \u017cakardowe, metki, ta\u015bmy, gumy","description":"Polski producent wszywek \u017cakardowych, ta\u015bmy, gumy","publisher":{"@id":"https:\/\/splot-pas.com.pl\/en\/#organization"},"alternateName":"SPLOT - wszywki \u017cakardowe, ta\u015bmy, gumy, polski producent","potentialAction":[{"@type":"SearchAction","target":{"@type":"EntryPoint","urlTemplate":"https:\/\/splot-pas.com.pl\/en\/?s={search_term_string}"},"query-input":{"@type":"PropertyValueSpecification","valueRequired":true,"valueName":"search_term_string"}}],"inLanguage":"en-US"},{"@type":"Organization","@id":"https:\/\/splot-pas.com.pl\/en\/#organization","name":"SPLOT-PAS","alternateName":"SPLOT: Ta\u015bmy, gumy, \u017cakard, wszywki, metki","url":"https:\/\/splot-pas.com.pl\/en\/","logo":{"@type":"ImageObject","inLanguage":"en-US","@id":"https:\/\/splot-pas.com.pl\/en\/#\/schema\/logo\/image\/","url":"https:\/\/i0.wp.com\/splot-pas.com.pl\/wp-content\/uploads\/2024\/03\/splot_logo.webp?fit=831%2C588&ssl=1","contentUrl":"https:\/\/i0.wp.com\/splot-pas.com.pl\/wp-content\/uploads\/2024\/03\/splot_logo.webp?fit=831%2C588&ssl=1","width":831,"height":588,"caption":"SPLOT-PAS"},"image":{"@id":"https:\/\/splot-pas.com.pl\/en\/#\/schema\/logo\/image\/"},"sameAs":["https:\/\/www.facebook.com\/splot.textiles","http:\/\/www.instagram.com\/splot.pas"]}]}},"jetpack_sharing_enabled":true,"_links":{"self":[{"href":"https:\/\/splot-pas.com.pl\/en\/wp-json\/wp\/v2\/pages\/1346","targetHints":{"allow":["GET"]}}],"collection":[{"href":"https:\/\/splot-pas.com.pl\/en\/wp-json\/wp\/v2\/pages"}],"about":[{"href":"https:\/\/splot-pas.com.pl\/en\/wp-json\/wp\/v2\/types\/page"}],"author":[{"embeddable":true,"href":"https:\/\/splot-pas.com.pl\/en\/wp-json\/wp\/v2\/users\/1"}],"replies":[{"embeddable":true,"href":"https:\/\/splot-pas.com.pl\/en\/wp-json\/wp\/v2\/comments?post=1346"}],"version-history":[{"count":2,"href":"https:\/\/splot-pas.com.pl\/en\/wp-json\/wp\/v2\/pages\/1346\/revisions"}],"predecessor-version":[{"id":1411,"href":"https:\/\/splot-pas.com.pl\/en\/wp-json\/wp\/v2\/pages\/1346\/revisions\/1411"}],"wp:attachment":[{"href":"https:\/\/splot-pas.com.pl\/en\/wp-json\/wp\/v2\/media?parent=1346"}],"curies":[{"name":"wp","href":"https:\/\/api.w.org\/{rel}","templated":true}]}}