{"id":1343,"date":"2024-03-14T11:46:32","date_gmt":"2024-03-14T10:46:32","guid":{"rendered":"http:\/\/splotpascompl.beep.pl\/gumy\/"},"modified":"2024-03-31T15:57:34","modified_gmt":"2024-03-31T13:57:34","slug":"gumy","status":"publish","type":"page","link":"https:\/\/splot-pas.com.pl\/en\/gumy\/","title":{"rendered":"Elastics"},"content":{"rendered":"\t\t<div data-elementor-type=\"wp-page\" data-elementor-id=\"1343\" class=\"elementor elementor-1343 elementor-180\" data-elementor-post-type=\"page\">\n\t\t\t\t<div class=\"elementor-element elementor-element-a25944c e-flex e-con-boxed e-con e-parent\" data-id=\"a25944c\" data-element_type=\"container\" data-e-type=\"container\">\n\t\t\t\t\t<div class=\"e-con-inner\">\n\t\t<div class=\"elementor-element elementor-element-b91164b e-con-full e-flex e-con e-child\" data-id=\"b91164b\" data-element_type=\"container\" data-e-type=\"container\">\n\t\t\t\t<div class=\"elementor-element elementor-element-1856fd9 elementor-widget elementor-widget-text-editor\" data-id=\"1856fd9\" data-element_type=\"widget\" data-e-type=\"widget\" data-widget_type=\"text-editor.default\">\n\t\t\t\t<div class=\"elementor-widget-container\">\n\t\t\t\t\t\t\t\t\t<p> <\/p>\n<p> <\/p>\n<p>We offer rubbers for various purposes: advertising, industrial, medical, footwear, fitness, fashion and apparel. Our products are available in a full range of colors, and we can also put any design or company logo on them. Every customer will find something for himself in our portfolio of rubbers, taking into account such features as width, elasticity, softness and length.<\/p>\t\t\t\t\t\t\t\t<\/div>\n\t\t\t\t<\/div>\n\t\t\t\t<\/div>\n\t\t\t\t<div class=\"elementor-element elementor-element-adf42f6 elementor-widget elementor-widget-image\" data-id=\"adf42f6\" data-element_type=\"widget\" data-e-type=\"widget\" data-widget_type=\"image.default\">\n\t\t\t\t<div class=\"elementor-widget-container\">\n\t\t\t\t\t\t\t\t\t\t\t\t\t\t\t<img fetchpriority=\"high\" decoding=\"async\" width=\"800\" height=\"534\" src=\"https:\/\/i0.wp.com\/splot-pas.com.pl\/wp-content\/uploads\/2024\/03\/609b9bd4e0eeb_123B.webp?fit=800%2C534&amp;ssl=1\" class=\"attachment-large size-large wp-image-1214\" alt=\"guma_zakardowa__odziezowa__poliestrowa_z_wykorzystaniem_nici_lateksowych_w_oplocie\" srcset=\"https:\/\/i0.wp.com\/splot-pas.com.pl\/wp-content\/uploads\/2024\/03\/609b9bd4e0eeb_123B.webp?w=1500&amp;ssl=1 1500w, https:\/\/i0.wp.com\/splot-pas.com.pl\/wp-content\/uploads\/2024\/03\/609b9bd4e0eeb_123B.webp?resize=300%2C200&amp;ssl=1 300w, https:\/\/i0.wp.com\/splot-pas.com.pl\/wp-content\/uploads\/2024\/03\/609b9bd4e0eeb_123B.webp?resize=1024%2C683&amp;ssl=1 1024w, https:\/\/i0.wp.com\/splot-pas.com.pl\/wp-content\/uploads\/2024\/03\/609b9bd4e0eeb_123B.webp?resize=768%2C512&amp;ssl=1 768w\" sizes=\"(max-width: 800px) 100vw, 800px\" \/>\t\t\t\t\t\t\t\t\t\t\t\t\t\t\t<\/div>\n\t\t\t\t<\/div>\n\t\t\t\t\t<\/div>\n\t\t\t\t<\/div>\n\t\t<div class=\"elementor-element elementor-element-261c5cd e-flex e-con-boxed e-con e-parent\" data-id=\"261c5cd\" data-element_type=\"container\" data-e-type=\"container\">\n\t\t\t\t\t<div class=\"e-con-inner\">\n\t\t<div class=\"elementor-element elementor-element-3bdc19b e-con-full e-flex e-con e-child\" data-id=\"3bdc19b\" data-element_type=\"container\" data-e-type=\"container\">\n\t\t\t\t<div class=\"elementor-element elementor-element-a2826fa e-transform e-transform elementor-position-top elementor-widget elementor-widget-image-box\" data-id=\"a2826fa\" data-element_type=\"widget\" data-e-type=\"widget\" data-settings=\"{&quot;_transform_scale_effect_hover&quot;:{&quot;unit&quot;:&quot;px&quot;,&quot;size&quot;:1.1,&quot;sizes&quot;:[]},&quot;_transform_scale_effect&quot;:{&quot;unit&quot;:&quot;px&quot;,&quot;size&quot;:&quot;&quot;,&quot;sizes&quot;:[]},&quot;_transform_scale_effect_tablet&quot;:{&quot;unit&quot;:&quot;px&quot;,&quot;size&quot;:&quot;&quot;,&quot;sizes&quot;:[]},&quot;_transform_scale_effect_mobile&quot;:{&quot;unit&quot;:&quot;px&quot;,&quot;size&quot;:&quot;&quot;,&quot;sizes&quot;:[]},&quot;_transform_scale_effect_hover_tablet&quot;:{&quot;unit&quot;:&quot;px&quot;,&quot;size&quot;:&quot;&quot;,&quot;sizes&quot;:[]},&quot;_transform_scale_effect_hover_mobile&quot;:{&quot;unit&quot;:&quot;px&quot;,&quot;size&quot;:&quot;&quot;,&quot;sizes&quot;:[]}}\" data-widget_type=\"image-box.default\">\n\t\t\t\t<div class=\"elementor-widget-container\">\n\t\t\t\t\t<div class=\"elementor-image-box-wrapper\"><figure class=\"elementor-image-box-img\"><img decoding=\"async\" width=\"683\" height=\"1024\" src=\"https:\/\/i0.wp.com\/splot-pas.com.pl\/wp-content\/uploads\/2024\/03\/609b9d0b0a9d7_72.webp?fit=683%2C1024&amp;ssl=1\" class=\"attachment-large size-large wp-image-1216\" alt=\"guma_zakardowa__odziezowa__poliestrowa_z_wykorzystaniem_nici_lateksowych_w_oplocie\" srcset=\"https:\/\/i0.wp.com\/splot-pas.com.pl\/wp-content\/uploads\/2024\/03\/609b9d0b0a9d7_72.webp?w=1000&amp;ssl=1 1000w, https:\/\/i0.wp.com\/splot-pas.com.pl\/wp-content\/uploads\/2024\/03\/609b9d0b0a9d7_72.webp?resize=200%2C300&amp;ssl=1 200w, https:\/\/i0.wp.com\/splot-pas.com.pl\/wp-content\/uploads\/2024\/03\/609b9d0b0a9d7_72.webp?resize=683%2C1024&amp;ssl=1 683w, https:\/\/i0.wp.com\/splot-pas.com.pl\/wp-content\/uploads\/2024\/03\/609b9d0b0a9d7_72.webp?resize=768%2C1152&amp;ssl=1 768w\" sizes=\"(max-width: 683px) 100vw, 683px\" \/><\/figure><div class=\"elementor-image-box-content\"><h3 class=\"elementor-image-box-title\">Woven rubber<\/h3><p class=\"elementor-image-box-description\">In any pattern, weave and width\nup to 100mm.<\/p><\/div><\/div>\t\t\t\t<\/div>\n\t\t\t\t<\/div>\n\t\t\t\t<\/div>\n\t\t<div class=\"elementor-element elementor-element-421e561 e-con-full e-flex e-con e-child\" data-id=\"421e561\" data-element_type=\"container\" data-e-type=\"container\">\n\t\t\t\t<div class=\"elementor-element elementor-element-5253015 e-transform e-transform elementor-position-top elementor-widget elementor-widget-image-box\" data-id=\"5253015\" data-element_type=\"widget\" data-e-type=\"widget\" data-settings=\"{&quot;_transform_scale_effect_hover&quot;:{&quot;unit&quot;:&quot;px&quot;,&quot;size&quot;:1.1,&quot;sizes&quot;:[]},&quot;_transform_scale_effect&quot;:{&quot;unit&quot;:&quot;px&quot;,&quot;size&quot;:&quot;&quot;,&quot;sizes&quot;:[]},&quot;_transform_scale_effect_tablet&quot;:{&quot;unit&quot;:&quot;px&quot;,&quot;size&quot;:&quot;&quot;,&quot;sizes&quot;:[]},&quot;_transform_scale_effect_mobile&quot;:{&quot;unit&quot;:&quot;px&quot;,&quot;size&quot;:&quot;&quot;,&quot;sizes&quot;:[]},&quot;_transform_scale_effect_hover_tablet&quot;:{&quot;unit&quot;:&quot;px&quot;,&quot;size&quot;:&quot;&quot;,&quot;sizes&quot;:[]},&quot;_transform_scale_effect_hover_mobile&quot;:{&quot;unit&quot;:&quot;px&quot;,&quot;size&quot;:&quot;&quot;,&quot;sizes&quot;:[]}}\" data-widget_type=\"image-box.default\">\n\t\t\t\t<div class=\"elementor-widget-container\">\n\t\t\t\t\t<div class=\"elementor-image-box-wrapper\"><figure class=\"elementor-image-box-img\"><img decoding=\"async\" width=\"752\" height=\"1024\" src=\"https:\/\/i0.wp.com\/splot-pas.com.pl\/wp-content\/uploads\/2024\/03\/609b9d0b19408_75.webp?fit=752%2C1024&amp;ssl=1\" class=\"attachment-large size-large wp-image-1218\" alt=\"guma_zakardowa__odziezowa__poliestrowa_z_wykorzystaniem_nici_lateksowych_w_oplocie\" srcset=\"https:\/\/i0.wp.com\/splot-pas.com.pl\/wp-content\/uploads\/2024\/03\/609b9d0b19408_75.webp?w=1102&amp;ssl=1 1102w, https:\/\/i0.wp.com\/splot-pas.com.pl\/wp-content\/uploads\/2024\/03\/609b9d0b19408_75.webp?resize=220%2C300&amp;ssl=1 220w, https:\/\/i0.wp.com\/splot-pas.com.pl\/wp-content\/uploads\/2024\/03\/609b9d0b19408_75.webp?resize=752%2C1024&amp;ssl=1 752w, https:\/\/i0.wp.com\/splot-pas.com.pl\/wp-content\/uploads\/2024\/03\/609b9d0b19408_75.webp?resize=768%2C1045&amp;ssl=1 768w\" sizes=\"(max-width: 752px) 100vw, 752px\" \/><\/figure><div class=\"elementor-image-box-content\"><h3 class=\"elementor-image-box-title\">Jacquard elastics<\/h3><p class=\"elementor-image-box-description\">Thermally stabilized, with braided latex threads, polyamide and delicate to the touch yarn.\n<\/p><\/div><\/div>\t\t\t\t<\/div>\n\t\t\t\t<\/div>\n\t\t\t\t<\/div>\n\t\t<div class=\"elementor-element elementor-element-19b4039 e-con-full e-flex e-con e-child\" data-id=\"19b4039\" data-element_type=\"container\" data-e-type=\"container\">\n\t\t\t\t<div class=\"elementor-element elementor-element-6c4014e e-transform e-transform elementor-position-top elementor-widget elementor-widget-image-box\" data-id=\"6c4014e\" data-element_type=\"widget\" data-e-type=\"widget\" data-settings=\"{&quot;_transform_scale_effect_hover&quot;:{&quot;unit&quot;:&quot;px&quot;,&quot;size&quot;:1.1,&quot;sizes&quot;:[]},&quot;_transform_scale_effect&quot;:{&quot;unit&quot;:&quot;px&quot;,&quot;size&quot;:&quot;&quot;,&quot;sizes&quot;:[]},&quot;_transform_scale_effect_tablet&quot;:{&quot;unit&quot;:&quot;px&quot;,&quot;size&quot;:&quot;&quot;,&quot;sizes&quot;:[]},&quot;_transform_scale_effect_mobile&quot;:{&quot;unit&quot;:&quot;px&quot;,&quot;size&quot;:&quot;&quot;,&quot;sizes&quot;:[]},&quot;_transform_scale_effect_hover_tablet&quot;:{&quot;unit&quot;:&quot;px&quot;,&quot;size&quot;:&quot;&quot;,&quot;sizes&quot;:[]},&quot;_transform_scale_effect_hover_mobile&quot;:{&quot;unit&quot;:&quot;px&quot;,&quot;size&quot;:&quot;&quot;,&quot;sizes&quot;:[]}}\" data-widget_type=\"image-box.default\">\n\t\t\t\t<div class=\"elementor-widget-container\">\n\t\t\t\t\t<div class=\"elementor-image-box-wrapper\"><figure class=\"elementor-image-box-img\"><img loading=\"lazy\" decoding=\"async\" width=\"683\" height=\"1024\" src=\"https:\/\/i0.wp.com\/splot-pas.com.pl\/wp-content\/uploads\/2024\/03\/60b4ca6d58234_guma_biala_pod_nadruk_sublimacyjny-2-scaled.webp?fit=683%2C1024&amp;ssl=1\" class=\"attachment-large size-large wp-image-1220\" alt=\"guma_zakardowa__odziezowa__poliestrowa_z_wykorzystaniem_nici_lateksowych_w_oplocie\" srcset=\"https:\/\/i0.wp.com\/splot-pas.com.pl\/wp-content\/uploads\/2024\/03\/60b4ca6d58234_guma_biala_pod_nadruk_sublimacyjny-2-scaled.webp?w=1280&amp;ssl=1 1280w, https:\/\/i0.wp.com\/splot-pas.com.pl\/wp-content\/uploads\/2024\/03\/60b4ca6d58234_guma_biala_pod_nadruk_sublimacyjny-2-scaled.webp?resize=200%2C300&amp;ssl=1 200w, https:\/\/i0.wp.com\/splot-pas.com.pl\/wp-content\/uploads\/2024\/03\/60b4ca6d58234_guma_biala_pod_nadruk_sublimacyjny-2-scaled.webp?resize=683%2C1024&amp;ssl=1 683w, https:\/\/i0.wp.com\/splot-pas.com.pl\/wp-content\/uploads\/2024\/03\/60b4ca6d58234_guma_biala_pod_nadruk_sublimacyjny-2-scaled.webp?resize=768%2C1152&amp;ssl=1 768w, https:\/\/i0.wp.com\/splot-pas.com.pl\/wp-content\/uploads\/2024\/03\/60b4ca6d58234_guma_biala_pod_nadruk_sublimacyjny-2-scaled.webp?resize=1024%2C1536&amp;ssl=1 1024w\" sizes=\"(max-width: 683px) 100vw, 683px\" \/><\/figure><div class=\"elementor-image-box-content\"><h3 class=\"elementor-image-box-title\">Sublimation print ready elastics.<\/h3><p class=\"elementor-image-box-description\">Bleached and calendered, widths customizable.\n<\/p><\/div><\/div>\t\t\t\t<\/div>\n\t\t\t\t<\/div>\n\t\t\t\t<\/div>\n\t\t<div class=\"elementor-element elementor-element-01026d7 e-con-full e-flex e-con e-child\" data-id=\"01026d7\" data-element_type=\"container\" data-e-type=\"container\">\n\t\t\t\t<div class=\"elementor-element elementor-element-1daf2ce e-transform e-transform elementor-position-top elementor-widget elementor-widget-image-box\" data-id=\"1daf2ce\" data-element_type=\"widget\" data-e-type=\"widget\" data-settings=\"{&quot;_transform_scale_effect_hover&quot;:{&quot;unit&quot;:&quot;px&quot;,&quot;size&quot;:1.1,&quot;sizes&quot;:[]},&quot;_transform_scale_effect&quot;:{&quot;unit&quot;:&quot;px&quot;,&quot;size&quot;:&quot;&quot;,&quot;sizes&quot;:[]},&quot;_transform_scale_effect_tablet&quot;:{&quot;unit&quot;:&quot;px&quot;,&quot;size&quot;:&quot;&quot;,&quot;sizes&quot;:[]},&quot;_transform_scale_effect_mobile&quot;:{&quot;unit&quot;:&quot;px&quot;,&quot;size&quot;:&quot;&quot;,&quot;sizes&quot;:[]},&quot;_transform_scale_effect_hover_tablet&quot;:{&quot;unit&quot;:&quot;px&quot;,&quot;size&quot;:&quot;&quot;,&quot;sizes&quot;:[]},&quot;_transform_scale_effect_hover_mobile&quot;:{&quot;unit&quot;:&quot;px&quot;,&quot;size&quot;:&quot;&quot;,&quot;sizes&quot;:[]}}\" data-widget_type=\"image-box.default\">\n\t\t\t\t<div class=\"elementor-widget-container\">\n\t\t\t\t\t<div class=\"elementor-image-box-wrapper\"><figure class=\"elementor-image-box-img\"><img loading=\"lazy\" decoding=\"async\" width=\"800\" height=\"466\" src=\"https:\/\/i0.wp.com\/splot-pas.com.pl\/wp-content\/uploads\/2024\/03\/60b3d0061e74a_gumy_dziane_-scaled.webp?fit=800%2C466&amp;ssl=1\" class=\"attachment-large size-large wp-image-1222\" alt=\"lampasy dekoracyjne producent \u0141\u00f3d\u017a polska\" srcset=\"https:\/\/i0.wp.com\/splot-pas.com.pl\/wp-content\/uploads\/2024\/03\/60b3d0061e74a_gumy_dziane_-scaled.webp?w=1920&amp;ssl=1 1920w, https:\/\/i0.wp.com\/splot-pas.com.pl\/wp-content\/uploads\/2024\/03\/60b3d0061e74a_gumy_dziane_-scaled.webp?resize=300%2C175&amp;ssl=1 300w, https:\/\/i0.wp.com\/splot-pas.com.pl\/wp-content\/uploads\/2024\/03\/60b3d0061e74a_gumy_dziane_-scaled.webp?resize=1024%2C596&amp;ssl=1 1024w, https:\/\/i0.wp.com\/splot-pas.com.pl\/wp-content\/uploads\/2024\/03\/60b3d0061e74a_gumy_dziane_-scaled.webp?resize=768%2C447&amp;ssl=1 768w, https:\/\/i0.wp.com\/splot-pas.com.pl\/wp-content\/uploads\/2024\/03\/60b3d0061e74a_gumy_dziane_-scaled.webp?resize=1536%2C894&amp;ssl=1 1536w, https:\/\/i0.wp.com\/splot-pas.com.pl\/wp-content\/uploads\/2024\/03\/60b3d0061e74a_gumy_dziane_-scaled.webp?w=1600&amp;ssl=1 1600w\" sizes=\"(max-width: 800px) 100vw, 800px\" \/><\/figure><div class=\"elementor-image-box-content\"><h3 class=\"elementor-image-box-title\">Knitted rubber<\/h3><p class=\"elementor-image-box-description\">Colors and widths according to order, manufactured using raw materials such as: polyamide, latex, cotton.\n\n<\/p><\/div><\/div>\t\t\t\t<\/div>\n\t\t\t\t<\/div>\n\t\t\t\t<\/div>\n\t\t\t\t\t<\/div>\n\t\t\t\t<\/div>\n\t\t<div class=\"elementor-element elementor-element-467ec85 e-flex e-con-boxed e-con e-parent\" data-id=\"467ec85\" data-element_type=\"container\" data-e-type=\"container\">\n\t\t\t\t\t<div class=\"e-con-inner\">\n\t\t<div class=\"elementor-element elementor-element-18cfe9b e-con-full e-flex e-con e-child\" data-id=\"18cfe9b\" data-element_type=\"container\" data-e-type=\"container\">\n\t\t\t\t<div class=\"elementor-element elementor-element-a807af2 elementor-widget elementor-widget-spacer\" data-id=\"a807af2\" data-element_type=\"widget\" data-e-type=\"widget\" data-widget_type=\"spacer.default\">\n\t\t\t\t<div class=\"elementor-widget-container\">\n\t\t\t\t\t\t\t<div class=\"elementor-spacer\">\n\t\t\t<div class=\"elementor-spacer-inner\"><\/div>\n\t\t<\/div>\n\t\t\t\t\t\t<\/div>\n\t\t\t\t<\/div>\n\t\t\t\t<div class=\"elementor-element elementor-element-4581a25 elementor-widget elementor-widget-heading\" data-id=\"4581a25\" data-element_type=\"widget\" data-e-type=\"widget\" data-settings=\"{&quot;motion_fx_motion_fx_mouse&quot;:&quot;yes&quot;,&quot;motion_fx_tilt_effect&quot;:&quot;yes&quot;,&quot;motion_fx_tilt_speed&quot;:{&quot;unit&quot;:&quot;px&quot;,&quot;size&quot;:4,&quot;sizes&quot;:[]}}\" data-widget_type=\"heading.default\">\n\t\t\t\t<div class=\"elementor-widget-container\">\n\t\t\t\t\t<h2 class=\"elementor-heading-title elementor-size-default\">We provide more than just products!<\/h2>\t\t\t\t<\/div>\n\t\t\t\t<\/div>\n\t\t\t\t<\/div>\n\t\t<div class=\"elementor-element elementor-element-986fea6 e-con-full e-flex e-con e-child\" data-id=\"986fea6\" data-element_type=\"container\" data-e-type=\"container\">\n\t\t\t\t<div class=\"elementor-element elementor-element-8ba2131 elementor-widget elementor-widget-image\" data-id=\"8ba2131\" data-element_type=\"widget\" data-e-type=\"widget\" data-widget_type=\"image.default\">\n\t\t\t\t<div class=\"elementor-widget-container\">\n\t\t\t\t\t\t\t\t\t\t\t\t\t\t\t<img loading=\"lazy\" decoding=\"async\" width=\"683\" height=\"1024\" src=\"https:\/\/i0.wp.com\/splot-pas.com.pl\/wp-content\/uploads\/2024\/03\/60c20ed306513_gumy_dziane_fitnesowe_od_siebie-scaled.webp?fit=683%2C1024&amp;ssl=1\" class=\"attachment-large size-large wp-image-1224\" alt=\"gumy_dziane_fitnesowe_od_siebie\" srcset=\"https:\/\/i0.wp.com\/splot-pas.com.pl\/wp-content\/uploads\/2024\/03\/60c20ed306513_gumy_dziane_fitnesowe_od_siebie-scaled.webp?w=1280&amp;ssl=1 1280w, https:\/\/i0.wp.com\/splot-pas.com.pl\/wp-content\/uploads\/2024\/03\/60c20ed306513_gumy_dziane_fitnesowe_od_siebie-scaled.webp?resize=200%2C300&amp;ssl=1 200w, https:\/\/i0.wp.com\/splot-pas.com.pl\/wp-content\/uploads\/2024\/03\/60c20ed306513_gumy_dziane_fitnesowe_od_siebie-scaled.webp?resize=683%2C1024&amp;ssl=1 683w, https:\/\/i0.wp.com\/splot-pas.com.pl\/wp-content\/uploads\/2024\/03\/60c20ed306513_gumy_dziane_fitnesowe_od_siebie-scaled.webp?resize=768%2C1152&amp;ssl=1 768w, https:\/\/i0.wp.com\/splot-pas.com.pl\/wp-content\/uploads\/2024\/03\/60c20ed306513_gumy_dziane_fitnesowe_od_siebie-scaled.webp?resize=1024%2C1536&amp;ssl=1 1024w\" sizes=\"(max-width: 683px) 100vw, 683px\" \/>\t\t\t\t\t\t\t\t\t\t\t\t\t\t\t<\/div>\n\t\t\t\t<\/div>\n\t\t\t\t<\/div>\n\t\t\t\t\t<\/div>\n\t\t\t\t<\/div>\n\t\t\t\t<\/div>\n\t\t","protected":false},"excerpt":{"rendered":"<p>We offer rubbers for various purposes: advertising, industrial, medical, footwear, fitness, fashion and apparel. Our products are available in a full range of colors, and we can also put any design or company logo on them. Every customer will find something for himself in our portfolio of rubbers, taking into account such features as width, [&hellip;]<\/p>\n","protected":false},"author":1,"featured_media":0,"parent":0,"menu_order":0,"comment_status":"closed","ping_status":"closed","template":"","meta":{"footnotes":""},"class_list":["post-1343","page","type-page","status-publish","hentry"],"yoast_head":"<!-- This site is optimized with the Yoast SEO Premium plugin v24.2 (Yoast SEO v27.0) - https:\/\/yoast.com\/product\/yoast-seo-premium-wordpress\/ -->\n<title>Elastics - SPLOT-PAS<\/title>\n<meta name=\"description\" content=\"Elastics SPLOT-PAS\" \/>\n<meta name=\"robots\" content=\"index, follow, max-snippet:-1, max-image-preview:large, max-video-preview:-1\" \/>\n<link rel=\"canonical\" href=\"https:\/\/splot-pas.com.pl\/en\/gumy\/\" \/>\n<meta property=\"og:locale\" content=\"en_US\" \/>\n<meta property=\"og:type\" content=\"article\" \/>\n<meta property=\"og:title\" content=\"Elastics\" \/>\n<meta property=\"og:description\" content=\"Elastics SPLOT-PAS\" \/>\n<meta property=\"og:url\" content=\"https:\/\/splot-pas.com.pl\/en\/gumy\/\" \/>\n<meta property=\"og:site_name\" content=\"SPLOT-PAS\" \/>\n<meta property=\"article:publisher\" content=\"https:\/\/www.facebook.com\/splot.textiles\" \/>\n<meta property=\"article:modified_time\" content=\"2024-03-31T13:57:34+00:00\" \/>\n<meta property=\"og:image\" content=\"http:\/\/splotpascompl.beep.pl\/wp-content\/uploads\/2024\/03\/609b9bd4e0eeb_123B-1024x683.webp\" \/>\n<meta name=\"twitter:card\" content=\"summary_large_image\" \/>\n<meta name=\"twitter:label1\" content=\"Est. reading time\" \/>\n\t<meta name=\"twitter:data1\" content=\"1 minute\" \/>\n<script type=\"application\/ld+json\" class=\"yoast-schema-graph\">{\"@context\":\"https:\/\/schema.org\",\"@graph\":[{\"@type\":\"WebPage\",\"@id\":\"https:\/\/splot-pas.com.pl\/en\/gumy\/\",\"url\":\"https:\/\/splot-pas.com.pl\/en\/gumy\/\",\"name\":\"Elastics - SPLOT-PAS\",\"isPartOf\":{\"@id\":\"https:\/\/splot-pas.com.pl\/en\/#website\"},\"primaryImageOfPage\":{\"@id\":\"https:\/\/splot-pas.com.pl\/en\/gumy\/#primaryimage\"},\"image\":{\"@id\":\"https:\/\/splot-pas.com.pl\/en\/gumy\/#primaryimage\"},\"thumbnailUrl\":\"http:\/\/splotpascompl.beep.pl\/wp-content\/uploads\/2024\/03\/609b9bd4e0eeb_123B-1024x683.webp\",\"datePublished\":\"2024-03-14T10:46:32+00:00\",\"dateModified\":\"2024-03-31T13:57:34+00:00\",\"description\":\"Elastics SPLOT-PAS\",\"breadcrumb\":{\"@id\":\"https:\/\/splot-pas.com.pl\/en\/gumy\/#breadcrumb\"},\"inLanguage\":\"en-US\",\"potentialAction\":[{\"@type\":\"ReadAction\",\"target\":[\"https:\/\/splot-pas.com.pl\/en\/gumy\/\"]}]},{\"@type\":\"ImageObject\",\"inLanguage\":\"en-US\",\"@id\":\"https:\/\/splot-pas.com.pl\/en\/gumy\/#primaryimage\",\"url\":\"http:\/\/splotpascompl.beep.pl\/wp-content\/uploads\/2024\/03\/609b9bd4e0eeb_123B-1024x683.webp\",\"contentUrl\":\"http:\/\/splotpascompl.beep.pl\/wp-content\/uploads\/2024\/03\/609b9bd4e0eeb_123B-1024x683.webp\"},{\"@type\":\"BreadcrumbList\",\"@id\":\"https:\/\/splot-pas.com.pl\/en\/gumy\/#breadcrumb\",\"itemListElement\":[{\"@type\":\"ListItem\",\"position\":1,\"name\":\"Strona g\u0142\u00f3wna\",\"item\":\"https:\/\/splot-pas.com.pl\/en\/home\/\"},{\"@type\":\"ListItem\",\"position\":2,\"name\":\"Elastics\"}]},{\"@type\":\"WebSite\",\"@id\":\"https:\/\/splot-pas.com.pl\/en\/#website\",\"url\":\"https:\/\/splot-pas.com.pl\/en\/\",\"name\":\"Splot: wszywki \u017cakardowe, metki, ta\u015bmy, gumy\",\"description\":\"Polski producent wszywek \u017cakardowych, ta\u015bmy, gumy\",\"publisher\":{\"@id\":\"https:\/\/splot-pas.com.pl\/en\/#organization\"},\"alternateName\":\"SPLOT - wszywki \u017cakardowe, ta\u015bmy, gumy, polski producent\",\"potentialAction\":[{\"@type\":\"SearchAction\",\"target\":{\"@type\":\"EntryPoint\",\"urlTemplate\":\"https:\/\/splot-pas.com.pl\/en\/?s={search_term_string}\"},\"query-input\":{\"@type\":\"PropertyValueSpecification\",\"valueRequired\":true,\"valueName\":\"search_term_string\"}}],\"inLanguage\":\"en-US\"},{\"@type\":\"Organization\",\"@id\":\"https:\/\/splot-pas.com.pl\/en\/#organization\",\"name\":\"SPLOT-PAS\",\"alternateName\":\"SPLOT: Ta\u015bmy, gumy, \u017cakard, wszywki, metki\",\"url\":\"https:\/\/splot-pas.com.pl\/en\/\",\"logo\":{\"@type\":\"ImageObject\",\"inLanguage\":\"en-US\",\"@id\":\"https:\/\/splot-pas.com.pl\/en\/#\/schema\/logo\/image\/\",\"url\":\"https:\/\/i0.wp.com\/splot-pas.com.pl\/wp-content\/uploads\/2024\/03\/splot_logo.webp?fit=831%2C588&ssl=1\",\"contentUrl\":\"https:\/\/i0.wp.com\/splot-pas.com.pl\/wp-content\/uploads\/2024\/03\/splot_logo.webp?fit=831%2C588&ssl=1\",\"width\":831,\"height\":588,\"caption\":\"SPLOT-PAS\"},\"image\":{\"@id\":\"https:\/\/splot-pas.com.pl\/en\/#\/schema\/logo\/image\/\"},\"sameAs\":[\"https:\/\/www.facebook.com\/splot.textiles\",\"http:\/\/www.instagram.com\/splot.pas\"]}]}<\/script>\n<!-- \/ Yoast SEO Premium plugin. -->","yoast_head_json":{"title":"Elastics - SPLOT-PAS","description":"Elastics SPLOT-PAS","robots":{"index":"index","follow":"follow","max-snippet":"max-snippet:-1","max-image-preview":"max-image-preview:large","max-video-preview":"max-video-preview:-1"},"canonical":"https:\/\/splot-pas.com.pl\/en\/gumy\/","og_locale":"en_US","og_type":"article","og_title":"Elastics","og_description":"Elastics SPLOT-PAS","og_url":"https:\/\/splot-pas.com.pl\/en\/gumy\/","og_site_name":"SPLOT-PAS","article_publisher":"https:\/\/www.facebook.com\/splot.textiles","article_modified_time":"2024-03-31T13:57:34+00:00","og_image":[{"url":"http:\/\/splotpascompl.beep.pl\/wp-content\/uploads\/2024\/03\/609b9bd4e0eeb_123B-1024x683.webp","type":"","width":"","height":""}],"twitter_card":"summary_large_image","twitter_misc":{"Est. reading time":"1 minute"},"schema":{"@context":"https:\/\/schema.org","@graph":[{"@type":"WebPage","@id":"https:\/\/splot-pas.com.pl\/en\/gumy\/","url":"https:\/\/splot-pas.com.pl\/en\/gumy\/","name":"Elastics - SPLOT-PAS","isPartOf":{"@id":"https:\/\/splot-pas.com.pl\/en\/#website"},"primaryImageOfPage":{"@id":"https:\/\/splot-pas.com.pl\/en\/gumy\/#primaryimage"},"image":{"@id":"https:\/\/splot-pas.com.pl\/en\/gumy\/#primaryimage"},"thumbnailUrl":"http:\/\/splotpascompl.beep.pl\/wp-content\/uploads\/2024\/03\/609b9bd4e0eeb_123B-1024x683.webp","datePublished":"2024-03-14T10:46:32+00:00","dateModified":"2024-03-31T13:57:34+00:00","description":"Elastics SPLOT-PAS","breadcrumb":{"@id":"https:\/\/splot-pas.com.pl\/en\/gumy\/#breadcrumb"},"inLanguage":"en-US","potentialAction":[{"@type":"ReadAction","target":["https:\/\/splot-pas.com.pl\/en\/gumy\/"]}]},{"@type":"ImageObject","inLanguage":"en-US","@id":"https:\/\/splot-pas.com.pl\/en\/gumy\/#primaryimage","url":"http:\/\/splotpascompl.beep.pl\/wp-content\/uploads\/2024\/03\/609b9bd4e0eeb_123B-1024x683.webp","contentUrl":"http:\/\/splotpascompl.beep.pl\/wp-content\/uploads\/2024\/03\/609b9bd4e0eeb_123B-1024x683.webp"},{"@type":"BreadcrumbList","@id":"https:\/\/splot-pas.com.pl\/en\/gumy\/#breadcrumb","itemListElement":[{"@type":"ListItem","position":1,"name":"Strona g\u0142\u00f3wna","item":"https:\/\/splot-pas.com.pl\/en\/home\/"},{"@type":"ListItem","position":2,"name":"Elastics"}]},{"@type":"WebSite","@id":"https:\/\/splot-pas.com.pl\/en\/#website","url":"https:\/\/splot-pas.com.pl\/en\/","name":"Splot: wszywki \u017cakardowe, metki, ta\u015bmy, gumy","description":"Polski producent wszywek \u017cakardowych, ta\u015bmy, gumy","publisher":{"@id":"https:\/\/splot-pas.com.pl\/en\/#organization"},"alternateName":"SPLOT - wszywki \u017cakardowe, ta\u015bmy, gumy, polski producent","potentialAction":[{"@type":"SearchAction","target":{"@type":"EntryPoint","urlTemplate":"https:\/\/splot-pas.com.pl\/en\/?s={search_term_string}"},"query-input":{"@type":"PropertyValueSpecification","valueRequired":true,"valueName":"search_term_string"}}],"inLanguage":"en-US"},{"@type":"Organization","@id":"https:\/\/splot-pas.com.pl\/en\/#organization","name":"SPLOT-PAS","alternateName":"SPLOT: Ta\u015bmy, gumy, \u017cakard, wszywki, metki","url":"https:\/\/splot-pas.com.pl\/en\/","logo":{"@type":"ImageObject","inLanguage":"en-US","@id":"https:\/\/splot-pas.com.pl\/en\/#\/schema\/logo\/image\/","url":"https:\/\/i0.wp.com\/splot-pas.com.pl\/wp-content\/uploads\/2024\/03\/splot_logo.webp?fit=831%2C588&ssl=1","contentUrl":"https:\/\/i0.wp.com\/splot-pas.com.pl\/wp-content\/uploads\/2024\/03\/splot_logo.webp?fit=831%2C588&ssl=1","width":831,"height":588,"caption":"SPLOT-PAS"},"image":{"@id":"https:\/\/splot-pas.com.pl\/en\/#\/schema\/logo\/image\/"},"sameAs":["https:\/\/www.facebook.com\/splot.textiles","http:\/\/www.instagram.com\/splot.pas"]}]}},"jetpack_sharing_enabled":true,"_links":{"self":[{"href":"https:\/\/splot-pas.com.pl\/en\/wp-json\/wp\/v2\/pages\/1343","targetHints":{"allow":["GET"]}}],"collection":[{"href":"https:\/\/splot-pas.com.pl\/en\/wp-json\/wp\/v2\/pages"}],"about":[{"href":"https:\/\/splot-pas.com.pl\/en\/wp-json\/wp\/v2\/types\/page"}],"author":[{"embeddable":true,"href":"https:\/\/splot-pas.com.pl\/en\/wp-json\/wp\/v2\/users\/1"}],"replies":[{"embeddable":true,"href":"https:\/\/splot-pas.com.pl\/en\/wp-json\/wp\/v2\/comments?post=1343"}],"version-history":[{"count":4,"href":"https:\/\/splot-pas.com.pl\/en\/wp-json\/wp\/v2\/pages\/1343\/revisions"}],"predecessor-version":[{"id":1419,"href":"https:\/\/splot-pas.com.pl\/en\/wp-json\/wp\/v2\/pages\/1343\/revisions\/1419"}],"wp:attachment":[{"href":"https:\/\/splot-pas.com.pl\/en\/wp-json\/wp\/v2\/media?parent=1343"}],"curies":[{"name":"wp","href":"https:\/\/api.w.org\/{rel}","templated":true}]}}