{"id":1338,"date":"2024-03-13T20:49:31","date_gmt":"2024-03-13T19:49:31","guid":{"rendered":"http:\/\/splotpascompl.beep.pl\/polityka-cookies\/"},"modified":"2024-03-13T20:49:31","modified_gmt":"2024-03-13T19:49:31","slug":"polityka-cookies","status":"publish","type":"page","link":"https:\/\/splot-pas.com.pl\/en\/polityka-cookies\/","title":{"rendered":"Polityka cookies"},"content":{"rendered":"\t\t<div data-elementor-type=\"wp-page\" data-elementor-id=\"1338\" class=\"elementor elementor-1338 elementor-33\" data-elementor-post-type=\"page\">\n\t\t\t\t<div class=\"elementor-element elementor-element-3e697d9b e-flex e-con-boxed e-con e-parent\" data-id=\"3e697d9b\" data-element_type=\"container\" data-e-type=\"container\">\n\t\t\t\t\t<div class=\"e-con-inner\">\n\t\t<div class=\"elementor-element elementor-element-73f91196 e-con-full e-flex e-con e-child\" data-id=\"73f91196\" data-element_type=\"container\" data-e-type=\"container\" data-settings=\"{&quot;background_background&quot;:&quot;classic&quot;}\">\n\t\t\t\t<div class=\"elementor-element elementor-element-2b8a647c elementor-view-stacked elementor-position-inline-start elementor-shape-circle elementor-mobile-position-block-start elementor-widget elementor-widget-icon-box\" data-id=\"2b8a647c\" data-element_type=\"widget\" data-e-type=\"widget\" data-widget_type=\"icon-box.default\">\n\t\t\t\t<div class=\"elementor-widget-container\">\n\t\t\t\t\t\t\t<div class=\"elementor-icon-box-wrapper\">\n\n\t\t\t\t\t\t<div class=\"elementor-icon-box-icon\">\n\t\t\t\t<span  class=\"elementor-icon\">\n\t\t\t\t<svg aria-hidden=\"true\" class=\"e-font-icon-svg e-fas-circle\" viewBox=\"0 0 512 512\" xmlns=\"http:\/\/www.w3.org\/2000\/svg\"><path d=\"M256 8C119 8 8 119 8 256s111 248 248 248 248-111 248-248S393 8 256 8z\"><\/path><\/svg>\t\t\t\t<\/span>\n\t\t\t<\/div>\n\t\t\t\n\t\t\t\t\t\t<div class=\"elementor-icon-box-content\">\n\n\t\t\t\t\t\t\t\t\t<h3 class=\"elementor-icon-box-title\">\n\t\t\t\t\t\t<span  >\n\t\t\t\t\t\t\tO nas\t\t\t\t\t\t<\/span>\n\t\t\t\t\t<\/h3>\n\t\t\t\t\n\t\t\t\t\n\t\t\t<\/div>\n\t\t\t\n\t\t<\/div>\n\t\t\t\t\t\t<\/div>\n\t\t\t\t<\/div>\n\t\t\t\t<div class=\"elementor-element elementor-element-145303d9 elementor-widget elementor-widget-text-editor\" data-id=\"145303d9\" data-element_type=\"widget\" data-e-type=\"widget\" data-widget_type=\"text-editor.default\">\n\t\t\t\t<div class=\"elementor-widget-container\">\n\t\t\t\t\t\t\t\t\t<p><strong>Jeste\u015bmy liderem w produkcji artyku\u0142\u00f3w pasmanteryjnych. <\/strong><\/p>\t\t\t\t\t\t\t\t<\/div>\n\t\t\t\t<\/div>\n\t\t\t\t<div class=\"elementor-element elementor-element-2c0f96e2 elementor-widget elementor-widget-text-editor\" data-id=\"2c0f96e2\" data-element_type=\"widget\" data-e-type=\"widget\" data-widget_type=\"text-editor.default\">\n\t\t\t\t<div class=\"elementor-widget-container\">\n\t\t\t\t\t\t\t\t\t<div class=\"section-text\"><p>Szczycimy si\u0119 dziesi\u0105tkami splot\u00f3w i wzor\u00f3w zaprojektowanych indywidualnie przez naszych projektant\u00f3w. Nasze wyroby (w szpulach, motkach, galetkach, kr\u0105\u017ckach, lagowane) umieszczamy w funkcjonalnych i bezpiecznych w transporcie opakowaniach.<\/p><p>Uwzgl\u0119dniaj\u0105c najnowsze trendy w modzie dostarczamy szeroki asortyment dla przemys\u0142u odzie\u017cowego. W ostatnich latach w naszej ofercie pojawi\u0142y si\u0119 wysokiej klasy ta\u015bmy medyczne i rehabilitacyjne. Coraz wi\u0119kszym zainteresowaniem ciesz\u0105 si\u0119 dodatki do odzie\u017cy sportowej sektor\u00f3w fitness oraz survival.<\/p><\/div>\t\t\t\t\t\t\t\t<\/div>\n\t\t\t\t<\/div>\n\t\t\t\t<\/div>\n\t\t\t\t\t<\/div>\n\t\t\t\t<\/div>\n\t\t<div class=\"elementor-element elementor-element-36c0d1f4 e-flex e-con-boxed e-con e-parent\" data-id=\"36c0d1f4\" data-element_type=\"container\" data-e-type=\"container\">\n\t\t\t\t\t<div class=\"e-con-inner\">\n\t\t<div class=\"elementor-element elementor-element-1a84af62 e-con-full e-flex e-con e-child\" data-id=\"1a84af62\" data-element_type=\"container\" data-e-type=\"container\" data-settings=\"{&quot;background_background&quot;:&quot;classic&quot;}\">\n\t\t\t\t<div class=\"elementor-element elementor-element-2c1e6cb5 elementor-view-stacked elementor-position-inline-start elementor-shape-circle elementor-mobile-position-block-start elementor-widget elementor-widget-icon-box\" data-id=\"2c1e6cb5\" data-element_type=\"widget\" data-e-type=\"widget\" data-widget_type=\"icon-box.default\">\n\t\t\t\t<div class=\"elementor-widget-container\">\n\t\t\t\t\t\t\t<div class=\"elementor-icon-box-wrapper\">\n\n\t\t\t\t\t\t<div class=\"elementor-icon-box-icon\">\n\t\t\t\t<span  class=\"elementor-icon\">\n\t\t\t\t<svg aria-hidden=\"true\" class=\"e-font-icon-svg e-fas-circle\" viewBox=\"0 0 512 512\" xmlns=\"http:\/\/www.w3.org\/2000\/svg\"><path d=\"M256 8C119 8 8 119 8 256s111 248 248 248 248-111 248-248S393 8 256 8z\"><\/path><\/svg>\t\t\t\t<\/span>\n\t\t\t<\/div>\n\t\t\t\n\t\t\t\t\t\t<div class=\"elementor-icon-box-content\">\n\n\t\t\t\t\t\t\t\t\t<h3 class=\"elementor-icon-box-title\">\n\t\t\t\t\t\t<span  >\n\t\t\t\t\t\t\tPolityka cookies\t\t\t\t\t\t<\/span>\n\t\t\t\t\t<\/h3>\n\t\t\t\t\n\t\t\t\t\n\t\t\t<\/div>\n\t\t\t\n\t\t<\/div>\n\t\t\t\t\t\t<\/div>\n\t\t\t\t<\/div>\n\t\t\t\t<div class=\"elementor-element elementor-element-2145aadb elementor-widget elementor-widget-text-editor\" data-id=\"2145aadb\" data-element_type=\"widget\" data-e-type=\"widget\" data-widget_type=\"text-editor.default\">\n\t\t\t\t<div class=\"elementor-widget-container\">\n\t\t\t\t\t\t\t\t\t<p>Polityka pliko\u0301w \u201ccookies\u201d serwisu www.splot-pas.com.pl<\/p>\t\t\t\t\t\t\t\t<\/div>\n\t\t\t\t<\/div>\n\t\t\t\t<div class=\"elementor-element elementor-element-10ed9977 elementor-widget elementor-widget-text-editor\" data-id=\"10ed9977\" data-element_type=\"widget\" data-e-type=\"widget\" data-widget_type=\"text-editor.default\">\n\t\t\t\t<div class=\"elementor-widget-container\">\n\t\t\t\t\t\t\t\t\t<div id=\"tresc\" class=\"wrapper-content description\"><ol><li><p>Poprzez piki \u201ccookies\u201d nalez\u0307y rozumiec\u0301 dane informatyczne przechowywane w\u00a0urza\u0328dzeniach kon\u0301cowych uz\u0307ytkowniko\u0301w, przeznaczone do korzystania ze stron internetowych. W szczego\u0301lnos\u0301ci sa\u0328 to pliki tekstowe, zawieraja\u0328ce nazwe\u0328 strony internetowej, z kto\u0301rej pochodza\u0328, czas przechowywania ich na urza\u0328dzeniu kon\u0301cowym oraz unikalny numer.<\/p><\/li><li><p>Serwis nie zbiera w sposo\u0301b automatyczny z\u0307adnych informacji, z wyja\u0328tkiem informacji zawartych w plikach cookies.<\/p><\/li><li><p>Pliki cookies przeznaczone sa\u0328 do korzystania ze stron serwisu. Operator wykorzystuje te pliki do:<\/p><\/li><li><p>a) \u00a0moz\u0307liwos\u0301ci logowania i utrzymywania sesji uz\u0307ytkownika na kaz\u0307dej kolejnej stronie serwisu<\/p><\/li><li><p>b) \u00a0dopasowania zawartos\u0301ci strony internetowej do indywidualnych preferencji uz\u0307ytkownika, przede wszystkim pliki te rozpoznaja\u0328 jego urza\u0328dzenie, aby zgodnie z jego preferencjami wys\u0301wietlic\u0301 strone\u0328<\/p><\/li><li><p>c) \u00a0do tworzenia anonimowych statystyk z wy\u0142a\u0328czeniem moz\u0307liwos\u0301ci identyfikacji uz\u0307ytkownika.<\/p><\/li><\/ol><p>4. Pliki cookies wykorzystywane przez partnero\u0301w operatora strony internetowej, w tym w szczego\u0301lnos\u0301ci uz\u0307ytkowniko\u0301w strony internetowej, podlegaja\u0328 ich w\u0142asnej polityce prywatnos\u0301ci.<\/p><p>5. W trosce o bezpieczen\u0301stwo powierzonych nam danych opracowalis\u0301my wewne\u0328trzne procedury i zalecenia, kto\u0301re maja\u0328 zapobiec udoste\u0328pnieniu danych osobom nieupowaz\u0307nionym. Kontrolujemy ich wykonywanie i stale sprawdzamy ich zgodnos\u0301c\u0301 z odpowiednimi aktami prawnymi &#8211; ustawa\u0328 o ochronie danych osobowych, ustawa\u0328 o s\u0301wiadczeniu us\u0142ug droga\u0328 elektroniczna\u0328, a takz\u0307e wszelkiego rodzaju aktach wykonawczych i aktach prawa wspo\u0301lnotowego<\/p><p>6.\u00a0Standardowo oprogramowanie s\u0142uz\u0307a\u0328ce do przegla\u0328dania stron internetowych domys\u0301lnie dopuszcza umieszczanie pliko\u0301w cookies na urza\u0328dzeniu kon\u0301cowym Uz\u0307ytkownika. Ustawienia te moga\u0328 zostac\u0301 zmienione przez Uz\u0307ytkownika w taki sposo\u0301b, aby blokowac\u0301 automatyczna\u0328 obs\u0142uge\u0328 \u201ccookies\u201d w ustawieniach przegla\u0328darki internetowej ba\u0328dz\u0301 informowac\u0301 o ich kaz\u0307dorazowym przes\u0142aniu na urza\u0328dzenia uz\u0307ytkownika.<\/p><p>7.\u00a0Uz\u0307ytkownicy Serwisu moga\u0328 dokonac\u0301 w kaz\u0307dym czasie zmiany ustawien\u0301 dotycza\u0328cych pliko\u0301w cookies. Szczego\u0301\u0142owe informacje o moz\u0307liwos\u0301ci i sposobach obs\u0142ugi pliko\u0301w cookies doste\u0328pne sa\u0328 w ustawieniach oprogramowania (przegla\u0328darki internetowej). Przyk\u0142adowe opcje edytowania w popularnych przegla\u0328darkach:<\/p><ol><li><p>&#8211; \u00a0Mozilla Firefox:\u200b \u200bwww.support.mozilla.org\/pl\/kb\/ciasteczka<\/p><\/li><li><p>&#8211; \u00a0Internet Explorer:\u200b \u200bwww.support.microsoft.com\/kb\/278835\/pl<\/p><\/li><li><p>&#8211; \u00a0Google Chrome:<\/p><p>\u200bwww.support.google.com\/chrome\/bin\/answer.py?hl=pl&amp;answer=95647\u00a0&#8211;<\/p><\/li><li><p>Safari:<\/p><p>www.safari.helpmax.net\/pl\/oszczedzanie-czasu\/blokowanie-zawartosci\/<\/p><\/li><\/ol><\/div>\t\t\t\t\t\t\t\t<\/div>\n\t\t\t\t<\/div>\n\t\t\t\t<\/div>\n\t\t\t\t\t<\/div>\n\t\t\t\t<\/div>\n\t\t\t\t<\/div>\n\t\t","protected":false},"excerpt":{"rendered":"<p>O nas Jeste\u015bmy liderem w produkcji artyku\u0142\u00f3w pasmanteryjnych. Szczycimy si\u0119 dziesi\u0105tkami splot\u00f3w i wzor\u00f3w zaprojektowanych indywidualnie przez naszych projektant\u00f3w. Nasze wyroby (w szpulach, motkach, galetkach, kr\u0105\u017ckach, lagowane) umieszczamy w funkcjonalnych i bezpiecznych w transporcie opakowaniach. Uwzgl\u0119dniaj\u0105c najnowsze trendy w modzie dostarczamy szeroki asortyment dla przemys\u0142u odzie\u017cowego. W ostatnich latach w naszej ofercie pojawi\u0142y si\u0119 wysokiej [&hellip;]<\/p>\n","protected":false},"author":1,"featured_media":0,"parent":0,"menu_order":0,"comment_status":"closed","ping_status":"closed","template":"elementor_header_footer","meta":{"footnotes":""},"class_list":["post-1338","page","type-page","status-publish","hentry"],"yoast_head":"<!-- This site is optimized with the Yoast SEO Premium plugin v24.2 (Yoast SEO v27.0) - https:\/\/yoast.com\/product\/yoast-seo-premium-wordpress\/ -->\n<title>Polityka cookies - SPLOT-PAS<\/title>\n<meta name=\"description\" content=\"Polityka cookies SPLOT-PAS\" \/>\n<meta name=\"robots\" content=\"index, follow, max-snippet:-1, max-image-preview:large, max-video-preview:-1\" \/>\n<link rel=\"canonical\" href=\"https:\/\/splot-pas.com.pl\/en\/polityka-cookies\/\" \/>\n<meta property=\"og:locale\" content=\"en_US\" \/>\n<meta property=\"og:type\" content=\"article\" \/>\n<meta property=\"og:title\" content=\"Polityka cookies\" \/>\n<meta property=\"og:description\" content=\"Polityka cookies SPLOT-PAS\" \/>\n<meta property=\"og:url\" content=\"https:\/\/splot-pas.com.pl\/en\/polityka-cookies\/\" \/>\n<meta property=\"og:site_name\" content=\"SPLOT-PAS\" \/>\n<meta property=\"article:publisher\" content=\"https:\/\/www.facebook.com\/splot.textiles\" \/>\n<meta property=\"og:image\" content=\"https:\/\/i0.wp.com\/splot-pas.com.pl\/wp-content\/uploads\/2024\/05\/kolorowe-metki-naszywki-odziezowe-ozdobne-zakardowe-2.png?fit=6067%2C4047&ssl=1\" \/>\n\t<meta property=\"og:image:width\" content=\"6067\" \/>\n\t<meta property=\"og:image:height\" content=\"4047\" \/>\n\t<meta property=\"og:image:type\" content=\"image\/png\" \/>\n<meta name=\"twitter:card\" content=\"summary_large_image\" \/>\n<meta name=\"twitter:label1\" content=\"Est. reading time\" \/>\n\t<meta name=\"twitter:data1\" content=\"3 minutes\" \/>\n<script type=\"application\/ld+json\" class=\"yoast-schema-graph\">{\"@context\":\"https:\/\/schema.org\",\"@graph\":[{\"@type\":\"WebPage\",\"@id\":\"https:\/\/splot-pas.com.pl\/en\/polityka-cookies\/\",\"url\":\"https:\/\/splot-pas.com.pl\/en\/polityka-cookies\/\",\"name\":\"Polityka cookies - SPLOT-PAS\",\"isPartOf\":{\"@id\":\"https:\/\/splot-pas.com.pl\/en\/#website\"},\"datePublished\":\"2024-03-13T19:49:31+00:00\",\"description\":\"Polityka cookies SPLOT-PAS\",\"breadcrumb\":{\"@id\":\"https:\/\/splot-pas.com.pl\/en\/polityka-cookies\/#breadcrumb\"},\"inLanguage\":\"en-US\",\"potentialAction\":[{\"@type\":\"ReadAction\",\"target\":[\"https:\/\/splot-pas.com.pl\/en\/polityka-cookies\/\"]}]},{\"@type\":\"BreadcrumbList\",\"@id\":\"https:\/\/splot-pas.com.pl\/en\/polityka-cookies\/#breadcrumb\",\"itemListElement\":[{\"@type\":\"ListItem\",\"position\":1,\"name\":\"Strona g\u0142\u00f3wna\",\"item\":\"https:\/\/splot-pas.com.pl\/en\/home\/\"},{\"@type\":\"ListItem\",\"position\":2,\"name\":\"Polityka cookies\"}]},{\"@type\":\"WebSite\",\"@id\":\"https:\/\/splot-pas.com.pl\/en\/#website\",\"url\":\"https:\/\/splot-pas.com.pl\/en\/\",\"name\":\"Splot: wszywki \u017cakardowe, metki, ta\u015bmy, gumy\",\"description\":\"Polski producent wszywek \u017cakardowych, ta\u015bmy, gumy\",\"publisher\":{\"@id\":\"https:\/\/splot-pas.com.pl\/en\/#organization\"},\"alternateName\":\"SPLOT - wszywki \u017cakardowe, ta\u015bmy, gumy, polski producent\",\"potentialAction\":[{\"@type\":\"SearchAction\",\"target\":{\"@type\":\"EntryPoint\",\"urlTemplate\":\"https:\/\/splot-pas.com.pl\/en\/?s={search_term_string}\"},\"query-input\":{\"@type\":\"PropertyValueSpecification\",\"valueRequired\":true,\"valueName\":\"search_term_string\"}}],\"inLanguage\":\"en-US\"},{\"@type\":\"Organization\",\"@id\":\"https:\/\/splot-pas.com.pl\/en\/#organization\",\"name\":\"SPLOT-PAS\",\"alternateName\":\"SPLOT: Ta\u015bmy, gumy, \u017cakard, wszywki, metki\",\"url\":\"https:\/\/splot-pas.com.pl\/en\/\",\"logo\":{\"@type\":\"ImageObject\",\"inLanguage\":\"en-US\",\"@id\":\"https:\/\/splot-pas.com.pl\/en\/#\/schema\/logo\/image\/\",\"url\":\"https:\/\/i0.wp.com\/splot-pas.com.pl\/wp-content\/uploads\/2024\/03\/splot_logo.webp?fit=831%2C588&ssl=1\",\"contentUrl\":\"https:\/\/i0.wp.com\/splot-pas.com.pl\/wp-content\/uploads\/2024\/03\/splot_logo.webp?fit=831%2C588&ssl=1\",\"width\":831,\"height\":588,\"caption\":\"SPLOT-PAS\"},\"image\":{\"@id\":\"https:\/\/splot-pas.com.pl\/en\/#\/schema\/logo\/image\/\"},\"sameAs\":[\"https:\/\/www.facebook.com\/splot.textiles\",\"http:\/\/www.instagram.com\/splot.pas\"]}]}<\/script>\n<!-- \/ Yoast SEO Premium plugin. -->","yoast_head_json":{"title":"Polityka cookies - SPLOT-PAS","description":"Polityka cookies SPLOT-PAS","robots":{"index":"index","follow":"follow","max-snippet":"max-snippet:-1","max-image-preview":"max-image-preview:large","max-video-preview":"max-video-preview:-1"},"canonical":"https:\/\/splot-pas.com.pl\/en\/polityka-cookies\/","og_locale":"en_US","og_type":"article","og_title":"Polityka cookies","og_description":"Polityka cookies SPLOT-PAS","og_url":"https:\/\/splot-pas.com.pl\/en\/polityka-cookies\/","og_site_name":"SPLOT-PAS","article_publisher":"https:\/\/www.facebook.com\/splot.textiles","og_image":[{"width":6067,"height":4047,"url":"https:\/\/i0.wp.com\/splot-pas.com.pl\/wp-content\/uploads\/2024\/05\/kolorowe-metki-naszywki-odziezowe-ozdobne-zakardowe-2.png?fit=6067%2C4047&ssl=1","type":"image\/png"}],"twitter_card":"summary_large_image","twitter_misc":{"Est. reading time":"3 minutes"},"schema":{"@context":"https:\/\/schema.org","@graph":[{"@type":"WebPage","@id":"https:\/\/splot-pas.com.pl\/en\/polityka-cookies\/","url":"https:\/\/splot-pas.com.pl\/en\/polityka-cookies\/","name":"Polityka cookies - SPLOT-PAS","isPartOf":{"@id":"https:\/\/splot-pas.com.pl\/en\/#website"},"datePublished":"2024-03-13T19:49:31+00:00","description":"Polityka cookies SPLOT-PAS","breadcrumb":{"@id":"https:\/\/splot-pas.com.pl\/en\/polityka-cookies\/#breadcrumb"},"inLanguage":"en-US","potentialAction":[{"@type":"ReadAction","target":["https:\/\/splot-pas.com.pl\/en\/polityka-cookies\/"]}]},{"@type":"BreadcrumbList","@id":"https:\/\/splot-pas.com.pl\/en\/polityka-cookies\/#breadcrumb","itemListElement":[{"@type":"ListItem","position":1,"name":"Strona g\u0142\u00f3wna","item":"https:\/\/splot-pas.com.pl\/en\/home\/"},{"@type":"ListItem","position":2,"name":"Polityka cookies"}]},{"@type":"WebSite","@id":"https:\/\/splot-pas.com.pl\/en\/#website","url":"https:\/\/splot-pas.com.pl\/en\/","name":"Splot: wszywki \u017cakardowe, metki, ta\u015bmy, gumy","description":"Polski producent wszywek \u017cakardowych, ta\u015bmy, gumy","publisher":{"@id":"https:\/\/splot-pas.com.pl\/en\/#organization"},"alternateName":"SPLOT - wszywki \u017cakardowe, ta\u015bmy, gumy, polski producent","potentialAction":[{"@type":"SearchAction","target":{"@type":"EntryPoint","urlTemplate":"https:\/\/splot-pas.com.pl\/en\/?s={search_term_string}"},"query-input":{"@type":"PropertyValueSpecification","valueRequired":true,"valueName":"search_term_string"}}],"inLanguage":"en-US"},{"@type":"Organization","@id":"https:\/\/splot-pas.com.pl\/en\/#organization","name":"SPLOT-PAS","alternateName":"SPLOT: Ta\u015bmy, gumy, \u017cakard, wszywki, metki","url":"https:\/\/splot-pas.com.pl\/en\/","logo":{"@type":"ImageObject","inLanguage":"en-US","@id":"https:\/\/splot-pas.com.pl\/en\/#\/schema\/logo\/image\/","url":"https:\/\/i0.wp.com\/splot-pas.com.pl\/wp-content\/uploads\/2024\/03\/splot_logo.webp?fit=831%2C588&ssl=1","contentUrl":"https:\/\/i0.wp.com\/splot-pas.com.pl\/wp-content\/uploads\/2024\/03\/splot_logo.webp?fit=831%2C588&ssl=1","width":831,"height":588,"caption":"SPLOT-PAS"},"image":{"@id":"https:\/\/splot-pas.com.pl\/en\/#\/schema\/logo\/image\/"},"sameAs":["https:\/\/www.facebook.com\/splot.textiles","http:\/\/www.instagram.com\/splot.pas"]}]}},"jetpack_sharing_enabled":true,"_links":{"self":[{"href":"https:\/\/splot-pas.com.pl\/en\/wp-json\/wp\/v2\/pages\/1338","targetHints":{"allow":["GET"]}}],"collection":[{"href":"https:\/\/splot-pas.com.pl\/en\/wp-json\/wp\/v2\/pages"}],"about":[{"href":"https:\/\/splot-pas.com.pl\/en\/wp-json\/wp\/v2\/types\/page"}],"author":[{"embeddable":true,"href":"https:\/\/splot-pas.com.pl\/en\/wp-json\/wp\/v2\/users\/1"}],"replies":[{"embeddable":true,"href":"https:\/\/splot-pas.com.pl\/en\/wp-json\/wp\/v2\/comments?post=1338"}],"version-history":[{"count":0,"href":"https:\/\/splot-pas.com.pl\/en\/wp-json\/wp\/v2\/pages\/1338\/revisions"}],"wp:attachment":[{"href":"https:\/\/splot-pas.com.pl\/en\/wp-json\/wp\/v2\/media?parent=1338"}],"curies":[{"name":"wp","href":"https:\/\/api.w.org\/{rel}","templated":true}]}}