{"id":1337,"date":"2024-03-18T19:47:33","date_gmt":"2024-03-18T18:47:33","guid":{"rendered":"http:\/\/splotpascompl.beep.pl\/kontakt\/"},"modified":"2024-07-31T15:05:53","modified_gmt":"2024-07-31T13:05:53","slug":"kontakt","status":"publish","type":"page","link":"https:\/\/splot-pas.com.pl\/en\/kontakt\/","title":{"rendered":"Contact"},"content":{"rendered":"\t\t<div data-elementor-type=\"wp-page\" data-elementor-id=\"1337\" class=\"elementor elementor-1337 elementor-461\" data-elementor-post-type=\"page\">\n\t\t\t\t<div class=\"elementor-element elementor-element-885d581 e-flex e-con-boxed e-con e-parent\" data-id=\"885d581\" data-element_type=\"container\" data-e-type=\"container\">\n\t\t\t\t\t<div class=\"e-con-inner\">\n\t\t<div class=\"elementor-element elementor-element-3021544 e-con-full e-flex e-con e-child\" data-id=\"3021544\" data-element_type=\"container\" data-e-type=\"container\">\n\t\t\t\t<div class=\"elementor-element elementor-element-54f734a elementor-widget elementor-widget-text-editor\" data-id=\"54f734a\" data-element_type=\"widget\" data-e-type=\"widget\" data-widget_type=\"text-editor.default\">\n\t\t\t\t<div class=\"elementor-widget-container\">\n\t\t\t\t\t\t\t\t\t<address><em>PPHU SPLOT Pawel Pruchnicki  <\/em><br><em>Ossendowskiego 9  <\/em><br><em>93-228 Lodz<\/em><\/address>\n<p><strong>TAPES, ELASTICS, STRINGS, JACQUARDS, SUBLIMATIONS, SEW-IN:<\/strong><\/p>\n<p>phone<\/p>\n<ul class=\"list-unstyled\">\n<li><a href=\"tel:508385466\">  +48 508 385 466<\/a><br><a href=\"tel:+48426722494\">  +48 42 672 24 94<\/a><\/li>\n<\/ul>\n<p>e-mail<\/p>\n<ul class=\"list-unstyled\">\n<li><a href=\"mailto:splot@splot-pas.com.pl\"> splot@splot-pas.com.pl <\/a><\/li>\n<\/ul>\n<p> <\/p>\n<p><strong>Jacquard inserts:<\/strong><\/p>\n<ul class=\"list-unstyled\">\n<li class=\"heading\">phone<\/li>\n<li><a href=\"tel:+48%20573969599\">+48 573 969 599<\/a><\/li>\n<\/ul>\n<p> <\/p>\n<p>e-mail<\/p>\n<ul class=\"list-unstyled\">\n<li>wszywki@splot-pas.com.pl<\/li>\n<\/ul>\t\t\t\t\t\t\t\t<\/div>\n\t\t\t\t<\/div>\n\t\t\t\t<\/div>\n\t\t<div class=\"elementor-element elementor-element-3c48d0c e-con-full e-flex e-con e-child\" data-id=\"3c48d0c\" data-element_type=\"container\" data-e-type=\"container\">\n\t\t<div class=\"elementor-element elementor-element-6fcce1b e-flex e-con-boxed e-con e-child\" data-id=\"6fcce1b\" data-element_type=\"container\" data-e-type=\"container\">\n\t\t\t\t\t<div class=\"e-con-inner\">\n\t\t\t\t<div class=\"elementor-element elementor-element-04289d2 elementor-button-align-stretch elementor-widget elementor-widget-form\" data-id=\"04289d2\" data-element_type=\"widget\" data-e-type=\"widget\" data-settings=\"{&quot;step_next_label&quot;:&quot;Nast\\u0119pny&quot;,&quot;step_previous_label&quot;:&quot;Poprzedni&quot;,&quot;button_width&quot;:&quot;100&quot;,&quot;step_type&quot;:&quot;number_text&quot;,&quot;step_icon_shape&quot;:&quot;circle&quot;}\" data-widget_type=\"form.default\">\n\t\t\t\t<div class=\"elementor-widget-container\">\n\t\t\t\t\t\t\t<form class=\"elementor-form\" method=\"post\" name=\"Nowy formularz\" aria-label=\"Nowy formularz\">\n\t\t\t<input type=\"hidden\" name=\"post_id\" value=\"1337\"\/>\n\t\t\t<input type=\"hidden\" name=\"form_id\" value=\"04289d2\"\/>\n\t\t\t<input type=\"hidden\" name=\"referer_title\" value=\"Contact - SPLOT-PAS\" \/>\n\n\t\t\t\t\t\t\t<input type=\"hidden\" name=\"queried_id\" value=\"1337\"\/>\n\t\t\t\n\t\t\t<div class=\"elementor-form-fields-wrapper elementor-labels-above\">\n\t\t\t\t\t\t\t\t<div class=\"elementor-field-type-text elementor-field-group elementor-column elementor-field-group-name elementor-col-100\">\n\t\t\t\t\t\t\t\t\t\t\t\t<label for=\"form-field-name\" class=\"elementor-field-label\">\n\t\t\t\t\t\t\t\tName\t\t\t\t\t\t\t<\/label>\n\t\t\t\t\t\t\t\t\t\t\t\t\t\t<input size=\"1\" type=\"text\" name=\"form_fields[name]\" id=\"form-field-name\" class=\"elementor-field elementor-size-sm  elementor-field-textual\" placeholder=\"Name\">\n\t\t\t\t\t\t\t\t\t\t\t<\/div>\n\t\t\t\t\t\t\t\t<div class=\"elementor-field-type-email elementor-field-group elementor-column elementor-field-group-email elementor-col-100 elementor-field-required\">\n\t\t\t\t\t\t\t\t\t\t\t\t<label for=\"form-field-email\" class=\"elementor-field-label\">\n\t\t\t\t\t\t\t\tE-mail\t\t\t\t\t\t\t<\/label>\n\t\t\t\t\t\t\t\t\t\t\t\t\t\t<input size=\"1\" type=\"email\" name=\"form_fields[email]\" id=\"form-field-email\" class=\"elementor-field elementor-size-sm  elementor-field-textual\" placeholder=\"E-mail\" required=\"required\">\n\t\t\t\t\t\t\t\t\t\t\t<\/div>\n\t\t\t\t\t\t\t\t<div class=\"elementor-field-type-textarea elementor-field-group elementor-column elementor-field-group-message elementor-col-100\">\n\t\t\t\t\t\t\t\t\t\t\t\t<label for=\"form-field-message\" class=\"elementor-field-label\">\n\t\t\t\t\t\t\t\tMessage\t\t\t\t\t\t\t<\/label>\n\t\t\t\t\t\t<textarea class=\"elementor-field-textual elementor-field  elementor-size-sm\" name=\"form_fields[message]\" id=\"form-field-message\" rows=\"4\" placeholder=\"Message\"><\/textarea>\t\t\t\t<\/div>\n\t\t\t\t\t\t\t\t<div class=\"elementor-field-type-recaptcha_v3 elementor-field-group elementor-column elementor-field-group-field_cd3de28 elementor-col-100 recaptcha_v3-bottomright\">\n\t\t\t\t\t<div class=\"elementor-field\" id=\"form-field-field_cd3de28\"><div class=\"elementor-g-recaptcha\" data-sitekey=\"6Ld0ScIpAAAAAMDWjHUNlDbukXZGNU9Q3ZEgNR_K\" data-type=\"v3\" data-action=\"Form\" data-badge=\"bottomright\" data-size=\"invisible\"><\/div><\/div>\t\t\t\t<\/div>\n\t\t\t\t\t\t\t\t<div class=\"elementor-field-group elementor-column elementor-field-type-submit elementor-col-100 e-form__buttons\">\n\t\t\t\t\t<button class=\"elementor-button elementor-size-sm\" type=\"submit\">\n\t\t\t\t\t\t<span class=\"elementor-button-content-wrapper\">\n\t\t\t\t\t\t\t\t\t\t\t\t\t\t\t\t\t\t\t\t\t\t<span class=\"elementor-button-text\">Wy\u015blij<\/span>\n\t\t\t\t\t\t\t\t\t\t\t\t\t<\/span>\n\t\t\t\t\t<\/button>\n\t\t\t\t<\/div>\n\t\t\t<\/div>\n\t\t<\/form>\n\t\t\t\t\t\t<\/div>\n\t\t\t\t<\/div>\n\t\t\t\t\t<\/div>\n\t\t\t\t<\/div>\n\t\t<div class=\"elementor-element elementor-element-d459541 e-flex e-con-boxed e-con e-child\" data-id=\"d459541\" data-element_type=\"container\" data-e-type=\"container\">\n\t\t\t\t\t<div class=\"e-con-inner\">\n\t\t\t\t<div class=\"elementor-element elementor-element-e2f536c elementor-widget elementor-widget-google_maps\" data-id=\"e2f536c\" data-element_type=\"widget\" data-e-type=\"widget\" data-widget_type=\"google_maps.default\">\n\t\t\t\t<div class=\"elementor-widget-container\">\n\t\t\t\t\t\t\t<div class=\"elementor-custom-embed\">\n\t\t\t<iframe loading=\"lazy\"\n\t\t\t\t\tsrc=\"https:\/\/maps.google.com\/maps?q=Ossendowskiego%209%20%C5%81%C3%B3d%C5%BA%2C%20Splot&#038;t=m&#038;z=16&#038;output=embed&#038;iwloc=near\"\n\t\t\t\t\ttitle=\"Ossendowskiego 9 \u0141\u00f3d\u017a, Splot\"\n\t\t\t\t\taria-label=\"Ossendowskiego 9 \u0141\u00f3d\u017a, Splot\"\n\t\t\t><\/iframe>\n\t\t<\/div>\n\t\t\t\t\t\t<\/div>\n\t\t\t\t<\/div>\n\t\t\t\t\t<\/div>\n\t\t\t\t<\/div>\n\t\t\t\t<\/div>\n\t\t\t\t\t<\/div>\n\t\t\t\t<\/div>\n\t\t\t\t<\/div>\n\t\t","protected":false},"excerpt":{"rendered":"<p>PPHU SPLOT Pawel Pruchnicki Ossendowskiego 9 93-228 Lodz TAPES, ELASTICS, STRINGS, JACQUARDS, SUBLIMATIONS, SEW-IN: phone +48 508 385 466 +48 42 672 24 94 e-mail splot@splot-pas.com.pl Jacquard inserts: phone +48 573 969 599 e-mail wszywki@splot-pas.com.pl<\/p>\n","protected":false},"author":1,"featured_media":0,"parent":0,"menu_order":0,"comment_status":"closed","ping_status":"closed","template":"","meta":{"footnotes":""},"class_list":["post-1337","page","type-page","status-publish","hentry"],"yoast_head":"<!-- This site is optimized with the Yoast SEO Premium plugin v24.2 (Yoast SEO v27.0) - https:\/\/yoast.com\/product\/yoast-seo-premium-wordpress\/ -->\n<title>Contact - SPLOT-PAS<\/title>\n<meta name=\"description\" content=\"Contact SPLOT-PAS\" \/>\n<meta name=\"robots\" content=\"index, follow, max-snippet:-1, max-image-preview:large, max-video-preview:-1\" \/>\n<link rel=\"canonical\" href=\"https:\/\/splot-pas.com.pl\/en\/kontakt\/\" \/>\n<meta property=\"og:locale\" content=\"en_US\" \/>\n<meta property=\"og:type\" content=\"article\" \/>\n<meta property=\"og:title\" content=\"Contact\" \/>\n<meta property=\"og:description\" content=\"Contact SPLOT-PAS\" \/>\n<meta property=\"og:url\" content=\"https:\/\/splot-pas.com.pl\/en\/kontakt\/\" \/>\n<meta property=\"og:site_name\" content=\"SPLOT-PAS\" \/>\n<meta property=\"article:publisher\" content=\"https:\/\/www.facebook.com\/splot.textiles\" \/>\n<meta property=\"article:modified_time\" content=\"2024-07-31T13:05:53+00:00\" \/>\n<meta property=\"og:image\" content=\"https:\/\/i0.wp.com\/splot-pas.com.pl\/wp-content\/uploads\/2024\/05\/kolorowe-metki-naszywki-odziezowe-ozdobne-zakardowe-2.png?fit=6067%2C4047&ssl=1\" \/>\n\t<meta property=\"og:image:width\" content=\"6067\" \/>\n\t<meta property=\"og:image:height\" content=\"4047\" \/>\n\t<meta property=\"og:image:type\" content=\"image\/png\" \/>\n<meta name=\"twitter:card\" content=\"summary_large_image\" \/>\n<meta name=\"twitter:label1\" content=\"Est. reading time\" \/>\n\t<meta name=\"twitter:data1\" content=\"1 minute\" \/>\n<script type=\"application\/ld+json\" class=\"yoast-schema-graph\">{\"@context\":\"https:\/\/schema.org\",\"@graph\":[{\"@type\":\"WebPage\",\"@id\":\"https:\/\/splot-pas.com.pl\/en\/kontakt\/\",\"url\":\"https:\/\/splot-pas.com.pl\/en\/kontakt\/\",\"name\":\"Contact - SPLOT-PAS\",\"isPartOf\":{\"@id\":\"https:\/\/splot-pas.com.pl\/en\/#website\"},\"datePublished\":\"2024-03-18T18:47:33+00:00\",\"dateModified\":\"2024-07-31T13:05:53+00:00\",\"description\":\"Contact SPLOT-PAS\",\"breadcrumb\":{\"@id\":\"https:\/\/splot-pas.com.pl\/en\/kontakt\/#breadcrumb\"},\"inLanguage\":\"en-US\",\"potentialAction\":[{\"@type\":\"ReadAction\",\"target\":[\"https:\/\/splot-pas.com.pl\/en\/kontakt\/\"]}]},{\"@type\":\"BreadcrumbList\",\"@id\":\"https:\/\/splot-pas.com.pl\/en\/kontakt\/#breadcrumb\",\"itemListElement\":[{\"@type\":\"ListItem\",\"position\":1,\"name\":\"Strona g\u0142\u00f3wna\",\"item\":\"https:\/\/splot-pas.com.pl\/en\/home\/\"},{\"@type\":\"ListItem\",\"position\":2,\"name\":\"Contact\"}]},{\"@type\":\"WebSite\",\"@id\":\"https:\/\/splot-pas.com.pl\/en\/#website\",\"url\":\"https:\/\/splot-pas.com.pl\/en\/\",\"name\":\"Splot: wszywki \u017cakardowe, metki, ta\u015bmy, gumy\",\"description\":\"Polski producent wszywek \u017cakardowych, ta\u015bmy, gumy\",\"publisher\":{\"@id\":\"https:\/\/splot-pas.com.pl\/en\/#organization\"},\"alternateName\":\"SPLOT - wszywki \u017cakardowe, ta\u015bmy, gumy, polski producent\",\"potentialAction\":[{\"@type\":\"SearchAction\",\"target\":{\"@type\":\"EntryPoint\",\"urlTemplate\":\"https:\/\/splot-pas.com.pl\/en\/?s={search_term_string}\"},\"query-input\":{\"@type\":\"PropertyValueSpecification\",\"valueRequired\":true,\"valueName\":\"search_term_string\"}}],\"inLanguage\":\"en-US\"},{\"@type\":\"Organization\",\"@id\":\"https:\/\/splot-pas.com.pl\/en\/#organization\",\"name\":\"SPLOT-PAS\",\"alternateName\":\"SPLOT: Ta\u015bmy, gumy, \u017cakard, wszywki, metki\",\"url\":\"https:\/\/splot-pas.com.pl\/en\/\",\"logo\":{\"@type\":\"ImageObject\",\"inLanguage\":\"en-US\",\"@id\":\"https:\/\/splot-pas.com.pl\/en\/#\/schema\/logo\/image\/\",\"url\":\"https:\/\/i0.wp.com\/splot-pas.com.pl\/wp-content\/uploads\/2024\/03\/splot_logo.webp?fit=831%2C588&ssl=1\",\"contentUrl\":\"https:\/\/i0.wp.com\/splot-pas.com.pl\/wp-content\/uploads\/2024\/03\/splot_logo.webp?fit=831%2C588&ssl=1\",\"width\":831,\"height\":588,\"caption\":\"SPLOT-PAS\"},\"image\":{\"@id\":\"https:\/\/splot-pas.com.pl\/en\/#\/schema\/logo\/image\/\"},\"sameAs\":[\"https:\/\/www.facebook.com\/splot.textiles\",\"http:\/\/www.instagram.com\/splot.pas\"]}]}<\/script>\n<!-- \/ Yoast SEO Premium plugin. -->","yoast_head_json":{"title":"Contact - SPLOT-PAS","description":"Contact SPLOT-PAS","robots":{"index":"index","follow":"follow","max-snippet":"max-snippet:-1","max-image-preview":"max-image-preview:large","max-video-preview":"max-video-preview:-1"},"canonical":"https:\/\/splot-pas.com.pl\/en\/kontakt\/","og_locale":"en_US","og_type":"article","og_title":"Contact","og_description":"Contact SPLOT-PAS","og_url":"https:\/\/splot-pas.com.pl\/en\/kontakt\/","og_site_name":"SPLOT-PAS","article_publisher":"https:\/\/www.facebook.com\/splot.textiles","article_modified_time":"2024-07-31T13:05:53+00:00","og_image":[{"width":6067,"height":4047,"url":"https:\/\/i0.wp.com\/splot-pas.com.pl\/wp-content\/uploads\/2024\/05\/kolorowe-metki-naszywki-odziezowe-ozdobne-zakardowe-2.png?fit=6067%2C4047&ssl=1","type":"image\/png"}],"twitter_card":"summary_large_image","twitter_misc":{"Est. reading time":"1 minute"},"schema":{"@context":"https:\/\/schema.org","@graph":[{"@type":"WebPage","@id":"https:\/\/splot-pas.com.pl\/en\/kontakt\/","url":"https:\/\/splot-pas.com.pl\/en\/kontakt\/","name":"Contact - SPLOT-PAS","isPartOf":{"@id":"https:\/\/splot-pas.com.pl\/en\/#website"},"datePublished":"2024-03-18T18:47:33+00:00","dateModified":"2024-07-31T13:05:53+00:00","description":"Contact SPLOT-PAS","breadcrumb":{"@id":"https:\/\/splot-pas.com.pl\/en\/kontakt\/#breadcrumb"},"inLanguage":"en-US","potentialAction":[{"@type":"ReadAction","target":["https:\/\/splot-pas.com.pl\/en\/kontakt\/"]}]},{"@type":"BreadcrumbList","@id":"https:\/\/splot-pas.com.pl\/en\/kontakt\/#breadcrumb","itemListElement":[{"@type":"ListItem","position":1,"name":"Strona g\u0142\u00f3wna","item":"https:\/\/splot-pas.com.pl\/en\/home\/"},{"@type":"ListItem","position":2,"name":"Contact"}]},{"@type":"WebSite","@id":"https:\/\/splot-pas.com.pl\/en\/#website","url":"https:\/\/splot-pas.com.pl\/en\/","name":"Splot: wszywki \u017cakardowe, metki, ta\u015bmy, gumy","description":"Polski producent wszywek \u017cakardowych, ta\u015bmy, gumy","publisher":{"@id":"https:\/\/splot-pas.com.pl\/en\/#organization"},"alternateName":"SPLOT - wszywki \u017cakardowe, ta\u015bmy, gumy, polski producent","potentialAction":[{"@type":"SearchAction","target":{"@type":"EntryPoint","urlTemplate":"https:\/\/splot-pas.com.pl\/en\/?s={search_term_string}"},"query-input":{"@type":"PropertyValueSpecification","valueRequired":true,"valueName":"search_term_string"}}],"inLanguage":"en-US"},{"@type":"Organization","@id":"https:\/\/splot-pas.com.pl\/en\/#organization","name":"SPLOT-PAS","alternateName":"SPLOT: Ta\u015bmy, gumy, \u017cakard, wszywki, metki","url":"https:\/\/splot-pas.com.pl\/en\/","logo":{"@type":"ImageObject","inLanguage":"en-US","@id":"https:\/\/splot-pas.com.pl\/en\/#\/schema\/logo\/image\/","url":"https:\/\/i0.wp.com\/splot-pas.com.pl\/wp-content\/uploads\/2024\/03\/splot_logo.webp?fit=831%2C588&ssl=1","contentUrl":"https:\/\/i0.wp.com\/splot-pas.com.pl\/wp-content\/uploads\/2024\/03\/splot_logo.webp?fit=831%2C588&ssl=1","width":831,"height":588,"caption":"SPLOT-PAS"},"image":{"@id":"https:\/\/splot-pas.com.pl\/en\/#\/schema\/logo\/image\/"},"sameAs":["https:\/\/www.facebook.com\/splot.textiles","http:\/\/www.instagram.com\/splot.pas"]}]}},"jetpack_sharing_enabled":true,"_links":{"self":[{"href":"https:\/\/splot-pas.com.pl\/en\/wp-json\/wp\/v2\/pages\/1337","targetHints":{"allow":["GET"]}}],"collection":[{"href":"https:\/\/splot-pas.com.pl\/en\/wp-json\/wp\/v2\/pages"}],"about":[{"href":"https:\/\/splot-pas.com.pl\/en\/wp-json\/wp\/v2\/types\/page"}],"author":[{"embeddable":true,"href":"https:\/\/splot-pas.com.pl\/en\/wp-json\/wp\/v2\/users\/1"}],"replies":[{"embeddable":true,"href":"https:\/\/splot-pas.com.pl\/en\/wp-json\/wp\/v2\/comments?post=1337"}],"version-history":[{"count":44,"href":"https:\/\/splot-pas.com.pl\/en\/wp-json\/wp\/v2\/pages\/1337\/revisions"}],"predecessor-version":[{"id":1799,"href":"https:\/\/splot-pas.com.pl\/en\/wp-json\/wp\/v2\/pages\/1337\/revisions\/1799"}],"wp:attachment":[{"href":"https:\/\/splot-pas.com.pl\/en\/wp-json\/wp\/v2\/media?parent=1337"}],"curies":[{"name":"wp","href":"https:\/\/api.w.org\/{rel}","templated":true}]}}